{"id":2274,"date":"2024-10-23T12:16:56","date_gmt":"2024-10-23T12:16:56","guid":{"rendered":"https:\/\/volivoli.hr\/?post_type=product&#038;p=2274"},"modified":"2025-10-30T16:51:13","modified_gmt":"2025-10-30T16:51:13","slug":"riba-s-prehrambenim-vlaknima","status":"publish","type":"product","link":"https:\/\/volivoli.hr\/en\/product\/riba-s-prehrambenim-vlaknima\/","title":{"rendered":"Fish with dietary fibers"},"content":{"rendered":"<p>If your pet needs a balanced and easily digestible diet, <b><span class=\"il\">Voli<\/span>\u00a0<span class=\"il\">Voli<\/span>\u00a0Extra Special Love Fish with Fibers<\/b>\u00a0is the perfect choice. Fish proteins are easily digestible, while omega-3 and omega-6 fatty acids support healthy skin and a shiny coat. The fibers help support digestion and maintain a healthy weight, making this food ideal for dogs with sensitive digestion or those who want to stay in top form.<\/p>","protected":false},"excerpt":{"rendered":"<p>Ako va\u0161 ljubimac treba uravnote\u017eenu i lako probavljivu prehranu, Voli\u00a0Voli\u00a0Extra Special Love Riba s vlaknima\u00a0je idealan izbor. Proteini iz ribe lako se probavljaju, a omega-3 i omega-6 masne kiseline podr\u017eavaju zdravu ko\u017eu i sjajnu dlaku. Vlakna poma\u017eu u boljoj probavi i odr\u017eavanju zdrave te\u017eine, \u010dine\u0107i ovu hranu savr\u0161enom za pse s osjetljivom probavom ili one [&hellip;]<\/p>","protected":false},"featured_media":2290,"comment_status":"open","ping_status":"closed","template":"","meta":{"_acf_changed":false},"product_brand":[],"product_cat":[36],"product_tag":[],"class_list":{"0":"post-2274","1":"product","2":"type-product","3":"status-publish","4":"has-post-thumbnail","6":"product_cat-extra-special-love-psi","8":"first","9":"instock","10":"taxable","11":"shipping-taxable","12":"purchasable","13":"product-type-simple"},"acf":[],"_links":{"self":[{"href":"https:\/\/volivoli.hr\/en\/wp-json\/wp\/v2\/product\/2274","targetHints":{"allow":["GET"]}}],"collection":[{"href":"https:\/\/volivoli.hr\/en\/wp-json\/wp\/v2\/product"}],"about":[{"href":"https:\/\/volivoli.hr\/en\/wp-json\/wp\/v2\/types\/product"}],"replies":[{"embeddable":true,"href":"https:\/\/volivoli.hr\/en\/wp-json\/wp\/v2\/comments?post=2274"}],"wp:featuredmedia":[{"embeddable":true,"href":"https:\/\/volivoli.hr\/en\/wp-json\/wp\/v2\/media\/2290"}],"wp:attachment":[{"href":"https:\/\/volivoli.hr\/en\/wp-json\/wp\/v2\/media?parent=2274"}],"wp:term":[{"taxonomy":"product_brand","embeddable":true,"href":"https:\/\/volivoli.hr\/en\/wp-json\/wp\/v2\/product_brand?post=2274"},{"taxonomy":"product_cat","embeddable":true,"href":"https:\/\/volivoli.hr\/en\/wp-json\/wp\/v2\/product_cat?post=2274"},{"taxonomy":"product_tag","embeddable":true,"href":"https:\/\/volivoli.hr\/en\/wp-json\/wp\/v2\/product_tag?post=2274"}],"curies":[{"name":"wp","href":"https:\/\/api.w.org\/{rel}","templated":true}]}}