{"id":2272,"date":"2024-10-23T12:13:11","date_gmt":"2024-10-23T12:13:11","guid":{"rendered":"https:\/\/volivoli.hr\/?post_type=product&#038;p=2272"},"modified":"2025-10-30T16:50:41","modified_gmt":"2025-10-30T16:50:41","slug":"piletina-s-povrcem","status":"publish","type":"product","link":"https:\/\/volivoli.hr\/en\/product\/piletina-s-povrcem\/","title":{"rendered":"Chicken with vegetables"},"content":{"rendered":"<p>Your dog deserves the best natural nutrition!\u00a0<b><span class=\"il\">Voli<\/span>\u00a0<span class=\"il\">Voli<\/span>\u00a0Extra Special Love Chicken with Vitamins<\/b>\u00a0contains apple, carrot, and beetroot \u2013 ingredients that naturally support the health of teeth, skin, and a shiny coat. Carrot, rich in beta carotene, improves eyesight and boosts the immune system, while beetroot fibers support healthy digestion and provide energy. With this food, your pet gets all the essential nutrients for a long, healthy, and happy life.<\/p>","protected":false},"excerpt":{"rendered":"<p>Va\u0161 pas zaslu\u017euje najbolju prirodnu prehranu!\u00a0Voli\u00a0Voli\u00a0Extra Special Love Piletina s vitaminima\u00a0sadr\u017ei jabuku, mrkvu i ciklu \u2013 sastojke koji prirodno podr\u017eavaju zdravlje zubi, ko\u017ee i sjaj dlake. Mrkva bogata beta karotenom pobolj\u0161ava vid i ja\u010da imunolo\u0161ki sustav, dok vlakna iz cikle podr\u017eavaju zdravu probavu i osiguravaju energiju. S ovom hranom, va\u0161 ljubimac dobiva sve potrebne hranjive [&hellip;]<\/p>","protected":false},"featured_media":2289,"comment_status":"open","ping_status":"closed","template":"","meta":{"_acf_changed":false},"product_brand":[],"product_cat":[36],"product_tag":[],"class_list":{"0":"post-2272","1":"product","2":"type-product","3":"status-publish","4":"has-post-thumbnail","6":"product_cat-extra-special-love-psi","8":"first","9":"outofstock","10":"taxable","11":"shipping-taxable","12":"purchasable","13":"product-type-simple"},"acf":[],"_links":{"self":[{"href":"https:\/\/volivoli.hr\/en\/wp-json\/wp\/v2\/product\/2272","targetHints":{"allow":["GET"]}}],"collection":[{"href":"https:\/\/volivoli.hr\/en\/wp-json\/wp\/v2\/product"}],"about":[{"href":"https:\/\/volivoli.hr\/en\/wp-json\/wp\/v2\/types\/product"}],"replies":[{"embeddable":true,"href":"https:\/\/volivoli.hr\/en\/wp-json\/wp\/v2\/comments?post=2272"}],"wp:featuredmedia":[{"embeddable":true,"href":"https:\/\/volivoli.hr\/en\/wp-json\/wp\/v2\/media\/2289"}],"wp:attachment":[{"href":"https:\/\/volivoli.hr\/en\/wp-json\/wp\/v2\/media?parent=2272"}],"wp:term":[{"taxonomy":"product_brand","embeddable":true,"href":"https:\/\/volivoli.hr\/en\/wp-json\/wp\/v2\/product_brand?post=2272"},{"taxonomy":"product_cat","embeddable":true,"href":"https:\/\/volivoli.hr\/en\/wp-json\/wp\/v2\/product_cat?post=2272"},{"taxonomy":"product_tag","embeddable":true,"href":"https:\/\/volivoli.hr\/en\/wp-json\/wp\/v2\/product_tag?post=2272"}],"curies":[{"name":"wp","href":"https:\/\/api.w.org\/{rel}","templated":true}]}}