{"id":2265,"date":"2024-10-23T12:10:46","date_gmt":"2024-10-23T12:10:46","guid":{"rendered":"https:\/\/volivoli.hr\/?post_type=product&#038;p=2265"},"modified":"2025-11-14T09:58:55","modified_gmt":"2025-11-14T09:58:55","slug":"govedina-s-jabukom","status":"publish","type":"product","link":"https:\/\/volivoli.hr\/en\/product\/govedina-s-jabukom\/","title":{"rendered":"Beef with apple"},"content":{"rendered":"<p>Show your love for your pet through carefully selected ingredients!\u00a0<b><span class=\"il\">Voli<\/span>\u00a0<span class=\"il\">Voli<\/span>\u00a0Extra Special Love Beef with Apple<\/b>\u00a0provides a high level of protein from beef, ideal for strong muscles and high energy. Apple not only adds a refreshing flavor and freshens breath but also helps maintain healthy teeth and gums. This combination makes every meal special, helping maintain your pet's health and vitality for an active life.<\/p>","protected":false},"excerpt":{"rendered":"<p>Ljubav prema va\u0161em ljubimcu izrazite kroz pa\u017eljivo odabrane sastojke!\u00a0Voli\u00a0Voli\u00a0Extra Special Love Govedina s jabukom\u00a0pru\u017ea visoku razinu proteina iz govedine, idealnih za sna\u017ene mi\u0161i\u0107e i visoku energiju. Dok jabuka, ne samo da daje osvje\u017eavaju\u0107i okus i osvje\u017eava dah, ve\u0107 poma\u017ee u odr\u017eavanju zdravih zuba i zubnog mesa. Ova kombinacija \u010dini svaki obrok posebnim, osiguravaju\u0107i va\u0161em ljubimcu [&hellip;]<\/p>","protected":false},"featured_media":2288,"comment_status":"open","ping_status":"closed","template":"","meta":{"_acf_changed":false},"product_brand":[],"product_cat":[36],"product_tag":[],"class_list":{"0":"post-2265","1":"product","2":"type-product","3":"status-publish","4":"has-post-thumbnail","6":"product_cat-extra-special-love-psi","8":"first","9":"instock","10":"taxable","11":"shipping-taxable","12":"purchasable","13":"product-type-simple"},"acf":[],"_links":{"self":[{"href":"https:\/\/volivoli.hr\/en\/wp-json\/wp\/v2\/product\/2265","targetHints":{"allow":["GET"]}}],"collection":[{"href":"https:\/\/volivoli.hr\/en\/wp-json\/wp\/v2\/product"}],"about":[{"href":"https:\/\/volivoli.hr\/en\/wp-json\/wp\/v2\/types\/product"}],"replies":[{"embeddable":true,"href":"https:\/\/volivoli.hr\/en\/wp-json\/wp\/v2\/comments?post=2265"}],"wp:featuredmedia":[{"embeddable":true,"href":"https:\/\/volivoli.hr\/en\/wp-json\/wp\/v2\/media\/2288"}],"wp:attachment":[{"href":"https:\/\/volivoli.hr\/en\/wp-json\/wp\/v2\/media?parent=2265"}],"wp:term":[{"taxonomy":"product_brand","embeddable":true,"href":"https:\/\/volivoli.hr\/en\/wp-json\/wp\/v2\/product_brand?post=2265"},{"taxonomy":"product_cat","embeddable":true,"href":"https:\/\/volivoli.hr\/en\/wp-json\/wp\/v2\/product_cat?post=2265"},{"taxonomy":"product_tag","embeddable":true,"href":"https:\/\/volivoli.hr\/en\/wp-json\/wp\/v2\/product_tag?post=2265"}],"curies":[{"name":"wp","href":"https:\/\/api.w.org\/{rel}","templated":true}]}}