{"id":656,"date":"2023-10-07T12:13:43","date_gmt":"2023-10-07T12:13:43","guid":{"rendered":"https:\/\/volivoli.hr\/?page_id=656"},"modified":"2024-04-26T08:29:06","modified_gmt":"2024-04-26T08:29:06","slug":"jednostrani-raskid-ugovora-o-kupnji-2","status":"publish","type":"page","link":"https:\/\/volivoli.hr\/en\/jednostrani-raskid-ugovora-o-kupnji-2\/","title":{"rendered":"Jednostrani raskid ugovora o kupnji"},"content":{"rendered":"<section class=\"bde-section-656-111 bde-section\">\n  \n\t\n\n\n\n<div class=\"section-container\"><div class=\"bde-div-656-112 bde-div\">\n  \n\t\n\n\n\n<h2 class=\"bde-heading-656-113 bde-heading\">\nJednostrani raskid ugovora o kupnji\n<\/h2><div class=\"bde-accordion-656-364 bde-accordion bde-accordion--bordered-bottom\"><div class=\"bde-accordion__content-wrapper-656-382 bde-accordion__content-wrapper\">\n<h3 class=\"bde-accordion__title-tag\">\n  <button type=\"button\" class=\"bde-accordion__button\" id=\"accordion-button-382\" aria-controls=\"accordion-panel-382\" aria-expanded=\"false\">\n     <span class=\"bde-accordion__title\" >Uvodna napomena<\/span>\n     <span class=\"bde-accordion__icon bde-accordion__icon--default\"><\/span>\n     <span class=\"bde-accordion__icon bde-accordion__icon--active\"><\/span>\n  <\/button>\n<\/h3>\n\n<div role=\"region\" class=\"bde-accordion__panel\" id=\"accordion-panel-382\" aria-labelledby=\"accordion-button-382\" hidden>\n   <div class=\"bde-text-656-383 bde-text\">\n<div id=\"_rich_text-29-362\" class=\"oxy-rich-text\" style=\"\"><p><span style=\"font-weight: 400;\">Molimo Vas da potpune informacije, te uvjete pristupanja i kori\u0161tenja na\u0161e internetske stranice s pripadaju\u0107om internetskom trgovinom <\/span><a href=\"https:\/\/volivoli.hr\/en\/\"><b>www.volivoli.hr<\/b><\/a><span style=\"font-weight: 400;\">, odnosno<\/span> <span style=\"font-weight: 400;\">kupnje u na\u0161oj internetskoj trgovini pro\u010ditate u na\u0161im <\/span><a href=\"https:\/\/volivoli.hr\/en\/opci-uvjeti\/\"><i><span style=\"font-weight: 400;\">Op\u0107im uvjetima.<\/span><\/i><\/a><\/p><p><span style=\"font-weight: 400;\">Naime, ni\u017ee navedene informacije i uvjeti jednostranog raskida ugovora o kupnji proizvoda iz na\u0161e internetske trgovine predstavljaju skra\u0107eni tekst, a sve u svrhu br\u017eeg i lak\u0161eg pronala\u017eenja informacija s Va\u0161e strane kao posjetitelja i kupca na\u0161e internetske stranice i internetske trgovine.<\/span><\/p><p><span style=\"font-weight: 400;\">Relevantan dokument u vezi jednostranog raskida ugovora o kupnji su <\/span><a href=\"https:\/\/volivoli.hr\/en\/opci-uvjeti\/\"><i><span style=\"font-weight: 400;\">Op\u0107i uvjet<\/span><\/i><span style=\"font-weight: 400;\">i.<\/span><\/a><\/p><p><b>Kupnju putem internetske trgovine trenutno je mogu\u0107e izvr\u0161iti samo na podru\u010dju Republike Hrvatske.<\/b><\/p><p><span style=\"font-weight: 400;\">Ako imate <\/span><b>pitanja<\/b><span style=\"font-weight: 400;\"> u vezi na\u0161e internetske stranice i internetske trgovine, kao i pitanja u vezi jednostranog raskida ugovora o kupnji proizvoda, <\/span><b>slobodno nas kontaktirajte<\/b><span style=\"font-weight: 400;\"> putem elektroni\u010dke po\u0161te na adresu <\/span><a href=\"mailto:info@volivoli.hr\"><span style=\"font-weight: 400;\">info@volivoli.hr<\/span><\/a><span style=\"font-weight: 400;\">.<\/span><\/p><\/div>\n<\/div>\n<\/div>\n\n\n\n<\/div><div class=\"bde-accordion__content-wrapper-656-402 bde-accordion__content-wrapper\">\n<h3 class=\"bde-accordion__title-tag\">\n  <button type=\"button\" class=\"bde-accordion__button\" id=\"accordion-button-402\" aria-controls=\"accordion-panel-402\" aria-expanded=\"false\">\n     <span class=\"bde-accordion__title\" >Jednostrani raskid<\/span>\n     <span class=\"bde-accordion__icon bde-accordion__icon--default\"><\/span>\n     <span class=\"bde-accordion__icon bde-accordion__icon--active\"><\/span>\n  <\/button>\n<\/h3>\n\n<div role=\"region\" class=\"bde-accordion__panel\" id=\"accordion-panel-402\" aria-labelledby=\"accordion-button-402\" hidden>\n   <div class=\"bde-text-656-403 bde-text\">\n<div id=\"_rich_text-34-362\" class=\"oxy-rich-text\" style=\"\"><p><span style=\"font-weight: 400;\">Ako ste kupac na\u0161ih proizvoda putem internetske stranice, onda <\/span><b>imate pravo jednostrano raskinuti ugovor o kupnji proizvoda u roku od 14 (\u010detrnaest) dana ra\u010dunaju\u0107i od dana kada Vam je proizvod predan, odnosno od dana zaprimanja proizvoda.<\/b><span style=\"font-weight: 400;\"> Jednostrani raskid ugovora o kupnji proizvoda mo\u017eete pru\u017eiti bez navo\u0111enja posebnog razloga. Uvjeti za kori\u0161tenje mogu\u0107nosti jednostranog raskida ugovora o kupnji proizvoda su sljede\u0107i:<\/span><\/p><ul><li style=\"font-weight: 400;\" aria-level=\"1\"><i><span style=\"font-weight: 400;\">da <\/span><\/i><b><i>proizvod nije kori\u0161ten<\/i><\/b><i><span style=\"font-weight: 400;\">,<\/span><\/i><\/li><\/ul><ul><li style=\"font-weight: 400;\" aria-level=\"1\"><i><span style=\"font-weight: 400;\">da se <\/span><\/i><b><i>TDH-u vra\u0107a u istom stanju u kojem je i preuzet od kupca<\/i><\/b><i><span style=\"font-weight: 400;\">, odnosno da se vra\u0107a u originalnom pakiranju, te s pripadaju\u0107im ra\u010dunom i dokumentacijom.<\/span><\/i><\/li><\/ul><p><span style=\"font-weight: 400;\">U slu\u010daju da \u017eelite koristiti pravo na jednostrani raskid ugovora o kupnji proizvoda, isto mo\u017eete u\u010diniti na na\u010din da <\/span><b>popunite obra<\/b><b><i>zac <\/i><\/b><a href=\"https:\/\/volivoli.hr\/wp-content\/uploads\/2024\/04\/Jednostrani-raskid.pdf\"><b><i>jednostranog raskida ugovora o kupnji proizvoda<\/i><\/b><i><span style=\"font-weight: 400;\">,<\/span><\/i><\/a><span style=\"font-weight: 400;\"> te isti <\/span><b>dostavite<\/b><span style=\"font-weight: 400;\"> osobno ili putem pismena na adresu na\u0161eg sjedi\u0161ta \u2013 Industrijska ulica I 1, Virovitica, Hrvatska ili <\/span><b>putem elektroni\u010dke po\u0161te na adresu:<\/b> <a href=\"mailto:info@volivoli.hr\"><span style=\"font-weight: 400;\">info@volivoli.hr<\/span><\/a><span style=\"font-weight: 400;\">.<\/span><\/p><p><span style=\"font-weight: 400;\">U slu\u010daju ispunjenja uvjeta za jednostrani raskid ugovora o kupnji proizvoda, TDH \u0107e Vam izvr\u0161it <\/span><b>povrat nov\u010danih sredstava, uklju\u010duju\u0107i tro\u0161kove dostave (ako su isti bili napla\u0107eni), ali ne uklju\u010duju\u0107i i tro\u0161kove povrata proizvoda.<\/b><span style=\"font-weight: 400;\"> Povrat nov\u010danih sredstava izvr\u0161it \u0107e se najkasnije u roku od 14 (\u010detrnaest) dana od dana kada TDH zaprimi obavijesti o jednostranom raskidu ugovora o kupnji proizvoda. Povrat nov\u010danih sredstava bit \u0107e izvr\u0161en na isti na\u010din na koji je izvr\u0161eno pla\u0107anje.<\/span><\/p><\/div>\n<\/div>\n<\/div>\n\n\n\n<\/div><div class=\"bde-accordion__content-wrapper-656-404 bde-accordion__content-wrapper\">\n<h3 class=\"bde-accordion__title-tag\">\n  <button type=\"button\" class=\"bde-accordion__button\" id=\"accordion-button-404\" aria-controls=\"accordion-panel-404\" aria-expanded=\"false\">\n     <span class=\"bde-accordion__title\" >Obrazac jednostranog raskida<\/span>\n     <span class=\"bde-accordion__icon bde-accordion__icon--default\"><\/span>\n     <span class=\"bde-accordion__icon bde-accordion__icon--active\"><\/span>\n  <\/button>\n<\/h3>\n\n<div role=\"region\" class=\"bde-accordion__panel\" id=\"accordion-panel-404\" aria-labelledby=\"accordion-button-404\" hidden>\n   <div class=\"bde-text-656-405 bde-text\">\n<div id=\"_rich_text-39-362\" class=\"oxy-rich-text\" style=\"\"><p><span style=\"font-weight: 400;\">Obrazac jednostranog raskida ugovora o kupnji proizvoda mo\u017eete preuzeti ovdje: <\/span><a href=\"https:\/\/volivoli.hr\/wp-content\/uploads\/2024\/04\/Jednostrani-raskid.pdf\"><i><span style=\"font-weight: 400;\">Obrazac za jednostrani raskid ugovora<\/span><\/i><span style=\"font-weight: 400;\">.<\/span><\/a><\/p><\/div>\n<\/div>\n<\/div>\n\n\n\n<\/div>\r\n\r\n<\/div>\n<\/div><div class=\"bde-image-656-341 bde-image\">\n<figure class=\"breakdance-image breakdance-image--230\">\n\t<div class=\"breakdance-image-container\">\n\t\t<div class=\"breakdance-image-clip\"><img decoding=\"async\" class=\"breakdance-image-object lazyload\" data-src=\"http:\/\/volivoli.hr\/wp-content\/uploads\/2023\/09\/dog-full.png\" width=\"894\" height=\"670\" data-srcset=\"https:\/\/volivoli.hr\/wp-content\/uploads\/2023\/09\/dog-full.png 894w, https:\/\/volivoli.hr\/wp-content\/uploads\/2023\/09\/dog-full-300x225.png 300w, https:\/\/volivoli.hr\/wp-content\/uploads\/2023\/09\/dog-full-768x576.png 768w, https:\/\/volivoli.hr\/wp-content\/uploads\/2023\/09\/dog-full-600x450.png 600w\" data-sizes=\"(max-width: 894px) 100vw, 894px\" src=\"data:image\/svg+xml;base64,PHN2ZyB3aWR0aD0iMSIgaGVpZ2h0PSIxIiB4bWxucz0iaHR0cDovL3d3dy53My5vcmcvMjAwMC9zdmciPjwvc3ZnPg==\" style=\"--smush-placeholder-width: 894px; --smush-placeholder-aspect-ratio: 894\/670;\"><\/div>\n\t<\/div><\/figure>\n\n<\/div><\/div>\n<\/section>","protected":false},"excerpt":{"rendered":"<p>Jednostrani raskid ugovora o kupnji Uvodna napomena Molimo Vas da potpune informacije, te uvjete pristupanja i kori\u0161tenja na\u0161e internetske stranice s pripadaju\u0107om internetskom trgovinom www.volivoli.hr, odnosno kupnje u na\u0161oj internetskoj trgovini pro\u010ditate u na\u0161im Op\u0107im uvjetima.Naime, ni\u017ee navedene informacije i uvjeti jednostranog raskida ugovora o kupnji proizvoda iz na\u0161e internetske trgovine predstavljaju skra\u0107eni tekst, a [&hellip;]<\/p>","protected":false},"author":2,"featured_media":0,"parent":0,"menu_order":0,"comment_status":"closed","ping_status":"closed","template":"","meta":{"_acf_changed":false,"_breakdance_hide_in_design_set":false,"_breakdance_tags":"","footnotes":""},"class_list":["post-656","page","type-page","status-publish","hentry"],"acf":[],"_links":{"self":[{"href":"https:\/\/volivoli.hr\/en\/wp-json\/wp\/v2\/pages\/656","targetHints":{"allow":["GET"]}}],"collection":[{"href":"https:\/\/volivoli.hr\/en\/wp-json\/wp\/v2\/pages"}],"about":[{"href":"https:\/\/volivoli.hr\/en\/wp-json\/wp\/v2\/types\/page"}],"author":[{"embeddable":true,"href":"https:\/\/volivoli.hr\/en\/wp-json\/wp\/v2\/users\/2"}],"replies":[{"embeddable":true,"href":"https:\/\/volivoli.hr\/en\/wp-json\/wp\/v2\/comments?post=656"}],"version-history":[{"count":8,"href":"https:\/\/volivoli.hr\/en\/wp-json\/wp\/v2\/pages\/656\/revisions"}],"predecessor-version":[{"id":1660,"href":"https:\/\/volivoli.hr\/en\/wp-json\/wp\/v2\/pages\/656\/revisions\/1660"}],"wp:attachment":[{"href":"https:\/\/volivoli.hr\/en\/wp-json\/wp\/v2\/media?parent=656"}],"curies":[{"name":"wp","href":"https:\/\/api.w.org\/{rel}","templated":true}]}}