{"id":650,"date":"2023-10-07T12:09:25","date_gmt":"2023-10-07T12:09:25","guid":{"rendered":"https:\/\/volivoli.hr\/?page_id=650"},"modified":"2026-03-13T09:39:30","modified_gmt":"2026-03-13T09:39:30","slug":"nacini-placanja-i-dostava","status":"publish","type":"page","link":"https:\/\/volivoli.hr\/en\/nacini-placanja-i-dostava\/","title":{"rendered":"Payment and delivery"},"content":{"rendered":"<section class=\"bde-section-650-111 bde-section\">\n  \n\t\n\n\n\n<div class=\"section-container\"><div class=\"bde-div-650-112 bde-div\">\n  \n\t\n\n\n\n<h2 class=\"bde-heading-650-113 bde-heading\">\nPayment and delivery\n<\/h2><div class=\"bde-accordion-650-364 bde-accordion bde-accordion--bordered-bottom\"><div class=\"bde-accordion__content-wrapper-650-382 bde-accordion__content-wrapper\">\n<h3 class=\"bde-accordion__title-tag\">\n  <button type=\"button\" class=\"bde-accordion__button\" id=\"accordion-button-382\" aria-controls=\"accordion-panel-382\" aria-expanded=\"false\">\n     <span class=\"bde-accordion__title\" >Uvodna napomena<\/span>\n     <span class=\"bde-accordion__icon bde-accordion__icon--default\"><\/span>\n     <span class=\"bde-accordion__icon bde-accordion__icon--active\"><\/span>\n  <\/button>\n<\/h3>\n\n<div role=\"region\" class=\"bde-accordion__panel\" id=\"accordion-panel-382\" aria-labelledby=\"accordion-button-382\" hidden>\n   <div class=\"bde-text-650-383 bde-text\">\n<div id=\"_rich_text-10-391\" class=\"oxy-rich-text\" style=\"\"><p><span style=\"font-weight: 400;\">Molimo Vas da potpune informacije te uvjete pristupanja i kori\u0161tenja na\u0161e internetske stranice s pripadaju\u0107om internetskom trgovinom <\/span><a href=\"https:\/\/volivoli.hr\/en\/\"><b>www.volivoli.hr<\/b><\/a><span style=\"font-weight: 400;\">, odnosno<\/span> <span style=\"font-weight: 400;\">kupnje u na\u0161oj internetskoj trgovini pro\u010ditate u na\u0161im <\/span><a href=\"https:\/\/volivoli.hr\/en\/opci-uvjeti\/\"><i><span style=\"font-weight: 400;\">Op\u0107im uvjetima.<\/span><\/i><\/a><\/p><p><span style=\"font-weight: 400;\">Naime, ni\u017ee navedene informacije i uvjeti pla\u0107anja i dostave naru\u010denih proizvoda u na\u0161oj internetskoj trgovini predstavljaju skra\u0107eni tekst, a sve u svrhu br\u017eeg i lak\u0161eg pronala\u017eenja informacije s Va\u0161e strane kao posjetitelja i kupca na\u0161e internetske stranice i trgovine.<\/span><\/p><p><span style=\"font-weight: 400;\">Relevantan dokument u vezi iskazivanja cijena, na\u010dina pla\u0107anja i dostave su <\/span><a href=\"https:\/\/volivoli.hr\/en\/opci-uvjeti\/\"><i><span style=\"font-weight: 400;\">Op\u0107i uvjet<\/span><\/i><span style=\"font-weight: 400;\">i.<\/span><\/a><\/p><p><b>Kupnju putem internetske trgovine trenutno je mogu\u0107e izvr\u0161iti samo na podru\u010dju Republike Hrvatske.<\/b><\/p><p class=\"p1\"><span style=\"font-weight: 400;\">Ako imate <\/span><b>pitanja<\/b><span style=\"font-weight: 400;\"> u vezi na\u0161e internetske stranice i trgovine, kao i pitanja u vezi iskazivanja cijena, na\u010dina pla\u0107anja i dostave, <\/span><b>slobodno nas kontaktirajte<\/b><span style=\"font-weight: 400;\"> putem elektroni\u010dke po\u0161te na adresu <\/span><a href=\"mailto:info@volivoli.hr\"><span style=\"font-weight: 400;\">info@volivoli.hr<\/span><\/a><span style=\"font-weight: 400;\">.<\/span><\/p><\/div>\n<\/div>\n<\/div>\n\n\n\n<\/div><div class=\"bde-accordion__content-wrapper-650-402 bde-accordion__content-wrapper\">\n<h3 class=\"bde-accordion__title-tag\">\n  <button type=\"button\" class=\"bde-accordion__button\" id=\"accordion-button-402\" aria-controls=\"accordion-panel-402\" aria-expanded=\"false\">\n     <span class=\"bde-accordion__title\" >Iskazivanje cijena<\/span>\n     <span class=\"bde-accordion__icon bde-accordion__icon--default\"><\/span>\n     <span class=\"bde-accordion__icon bde-accordion__icon--active\"><\/span>\n  <\/button>\n<\/h3>\n\n<div role=\"region\" class=\"bde-accordion__panel\" id=\"accordion-panel-402\" aria-labelledby=\"accordion-button-402\" hidden>\n   <div class=\"bde-text-650-403 bde-text\">\n<div id=\"_rich_text-15-391\" class=\"oxy-rich-text\" style=\"\"><p><span style=\"font-weight: 400;\">Cijene na\u0161ih proizvoda na internetskoj stranici izra\u017eene su u slu\u017ebenoj valuti Europske unije (euro - EUR). <\/span><b>Sva pla\u0107anja \u0107e se vr\u0161iti u valuti Euro (EUR).<\/b><\/p><p><span style=\"font-weight: 400;\">Cijene na\u0161ih proizvoda na internetskoj stranici <\/span><b>uklju\u010duju sve poreze i davanja.<\/b><\/p><p class=\"p1\"><b>Izra\u017eene cijene podlo\u017ene su promjenama<\/b><span style=\"font-weight: 400;\"> i svaka \u0107e promjena biti pravovremeno evidentirana u internetskoj trgovini. TDH je ovla\u0161ten mijenjati cijene proizvoda bez prethodne najave.<\/span><\/p><\/div>\n<\/div>\n<\/div>\n\n\n\n<\/div><div class=\"bde-accordion__content-wrapper-650-404 bde-accordion__content-wrapper\">\n<h3 class=\"bde-accordion__title-tag\">\n  <button type=\"button\" class=\"bde-accordion__button\" id=\"accordion-button-404\" aria-controls=\"accordion-panel-404\" aria-expanded=\"false\">\n     <span class=\"bde-accordion__title\" >Na\u010dini pla\u0107anja<\/span>\n     <span class=\"bde-accordion__icon bde-accordion__icon--default\"><\/span>\n     <span class=\"bde-accordion__icon bde-accordion__icon--active\"><\/span>\n  <\/button>\n<\/h3>\n\n<div role=\"region\" class=\"bde-accordion__panel\" id=\"accordion-panel-404\" aria-labelledby=\"accordion-button-404\" hidden>\n   <div class=\"bde-text-650-405 bde-text\">\n<div id=\"_rich_text-20-391\" class=\"oxy-rich-text\" style=\"\"><p><span style=\"font-weight: 400;\">U na\u0161oj internetskoj trgovini pla\u0107anje mo\u017eete izvr\u0161iti na sljede\u0107e na\u010dine:<\/span><\/p><p><b>Putem interneta (karticama):<\/b><span style=\"font-weight: 400;\"> kreditnim i debitnim karticama Mastercard, Visa, Diners, Discover i American, jednokratnom uplatom. Za pla\u0107anje kreditnim i debitnim karticama koristimo poznatu platformu za procesuiranje online pla\u0107anja -\u00a0 Stripe. Stripe je certificirani PCI pru\u017eatelj usluga razine 1. Ovo je najstro\u017ea razina certifikacije dostupna u industriji pla\u0107anja. Svi brojevi kartica kodirani su u mirovanju s AES-256.<\/span><\/p><p><b>E-bankarstvom:<\/b><span style=\"font-weight: 400;\"> proizvode dostavljamo tek nakon \u0161to je Va\u0161a uplata vidljiva na na\u0161em ra\u010dunu. Proizvode ne dostavljamo samo temeljem potvrde o Va\u0161oj uplati.<\/span><\/p><p><b>Pouze\u0107em<\/b><b>:<\/b><span style=\"font-weight: 400;\"> pla\u0107anje gotovinski dostavlja\u010du \u2013 djelatniku dostavne slu\u017ebe koju koristimo. U slu\u010daju odabira predmetnog na\u010dina pla\u0107anja, na fiksnu cijenu dostave, potrebno je dodatno platiti 0,8 EUR.<\/span><\/p><\/div>\n<\/div>\n<\/div>\n\n\n\n<\/div><div class=\"bde-accordion__content-wrapper-650-406 bde-accordion__content-wrapper\">\n<h3 class=\"bde-accordion__title-tag\">\n  <button type=\"button\" class=\"bde-accordion__button\" id=\"accordion-button-406\" aria-controls=\"accordion-panel-406\" aria-expanded=\"false\">\n     <span class=\"bde-accordion__title\" >Dostava<\/span>\n     <span class=\"bde-accordion__icon bde-accordion__icon--default\"><\/span>\n     <span class=\"bde-accordion__icon bde-accordion__icon--active\"><\/span>\n  <\/button>\n<\/h3>\n\n<div role=\"region\" class=\"bde-accordion__panel\" id=\"accordion-panel-406\" aria-labelledby=\"accordion-button-406\" hidden>\n   <div class=\"bde-rich-text-650-426 bde-rich-text breakdance-rich-text-styles\">\n<p><b><i>Dostava<\/i><\/b><\/p>\n<p style=\"font-weight: 400;\">Dostava proizvoda mogu\u0107a je samo na teritoriju Republike Hrvatske, te se vr\u0161i na Va\u0161u adresu putem dostavne slu\u017ebe prema na\u0161em izboru.<\/p>\n<p style=\"font-weight: 400;\">Na\u0161 ugovorni partner za vr\u0161enje dostave je <strong>trenutno MBE Adriatic d.o.o. (dalje u tekstu: \u201e<em>MBE<\/em>\u201c)<\/strong>. TDH zadr\u017eava pravo odabrati drugu dostavnu slu\u017ebu ako \u0107e na taj na\u010din proizvodi biti u\u010dinkovitije dostavljeni.<\/p>\n<p style=\"font-weight: 400;\">TDH posebnu pa\u017enju posve\u0107uje adekvatnom pakiranju proizvoda za prijevoz, a sve kako bi se sprije\u010dilo o\u0161te\u0107enje ili umanjenje vrijednosti proizvoda za vrijeme prijevoza.<\/p>\n<p style=\"font-weight: 400;\">Dostava se vr\u0161i radnim danom, tijekom radnog vremena. <strong>Rok dostave na upisanu adresu je 5-7 radnih dana. Iznimka mogu biti otoci, te manja mjesta u koja se dostava ne vr\u0161i svaki dan.<\/strong> Na otoke koje pokriva dostavna slu\u017eba na\u0161eg partnera, proizvod \u0107e bit isporu\u010den prema posebnom rasporedu \u2013 o \u010demu \u0107ete biti posebno obavije\u0161teni, a na sve ostale otoke koje ne pokriva dostavna slu\u017eba na\u0161eg partnera, proizvodi se \u0161alju putem Hrvatske po\u0161te.<\/p>\n<p style=\"font-weight: 400;\">Brzina dostave mo\u017ee odstupati od uobi\u010dajene npr. u vrijeme blagdana, neradnih dana, tijekom velikih prodajnih akcija i drugih situacija u kojima su mogu\u0107e pote\u0161ko\u0107e tijekom slanja i dostave.<\/p>\n<p style=\"font-weight: 400;\">Cijena dostave ovisi o te\u017eini paketa. Cijene dostave su sljede\u0107e:<\/p>\n<ul style=\"font-weight: 400;\">\n<li>za paket te\u017eine &lt; 2 kg cijena dostave je 3,80 \u20ac,<\/li>\n<li>za paket te\u017eine &lt; 5 kg cijena dostave je 4,15 \u20ac,<\/li>\n<li>za paket te\u017eine &lt; 10 kg cijena dostave je 5,15 \u20ac,<\/li>\n<li>za paket te\u017eine &lt; 15 kg cijena dostave je 5,80 \u20ac,<\/li>\n<li>za paket te\u017eine &lt; 20 kg cijena dostave je 6,82 \u20ac,<\/li>\n<li>za paket te\u017eine &lt; 30 kg cijena dostave je 8,45 \u20ac,<\/li>\n<li>za paket te\u017eine &lt; 40 kg cijena dostave je 11,55 \u20ac,<\/li>\n<li>za paket te\u017eine &lt; 50 kg cijena dostave je 14,70 \u20ac,<\/li>\n<li>za paket te\u017eine &lt; 60 kg cijena dostave je 17,80 \u20ac,<\/li>\n<li>za paket te\u017eine &gt; 60 kg cijena dostave je 21 \u20ac.<\/li>\n<\/ul>\n<p style=\"font-weight: 400;\"><strong>U slu\u010daju odabira pla\u0107anja pouze\u0107em (pla\u0107anje gotovinski dostavlja\u010du) \u2013 na cijenu dostave dodatno se napla\u0107uje 0,8 EUR.\u00a0<\/strong><\/p>\n<p>Navedeni iznosi ne uklju\u010duju PDV.<\/p>\n<p style=\"font-weight: 400;\">Cijena dostave uvijek je zasebno prikazana i ispisana na ra\u010dunu.<\/p>\n<p style=\"font-weight: 400;\">Vi\u0161e informacija u vezi pravila dostave na\u0161eg ugovornog partnera mo\u017eete prona\u0107i na sljede\u0107oj poveznici:\u00a0<a href=\"http:\/\/www.mbe.hr\/\" data-saferedirecturl=\"https:\/\/www.google.com\/url?q=http:\/\/www.mbe.hr&amp;source=gmail&amp;ust=1715146764816000&amp;usg=AOvVaw1Z1Wb6H0-6U-_iunY4Pis2\" target=\"_blank\" rel=\"noopener\">www.mbe.hr<\/a>.<\/p>\n<\/div>\n<\/div>\n\n\n\n<\/div>\r\n\r\n<\/div>\n<\/div><div class=\"bde-image-650-341 bde-image\">\n<figure class=\"breakdance-image breakdance-image--230\">\n\t<div class=\"breakdance-image-container\">\n\t\t<div class=\"breakdance-image-clip\"><img decoding=\"async\" class=\"breakdance-image-object lazyload\" data-src=\"http:\/\/volivoli.hr\/wp-content\/uploads\/2023\/09\/dog-full.png\" width=\"894\" height=\"670\" data-srcset=\"https:\/\/volivoli.hr\/wp-content\/uploads\/2023\/09\/dog-full.png 894w, https:\/\/volivoli.hr\/wp-content\/uploads\/2023\/09\/dog-full-300x225.png 300w, https:\/\/volivoli.hr\/wp-content\/uploads\/2023\/09\/dog-full-768x576.png 768w, https:\/\/volivoli.hr\/wp-content\/uploads\/2023\/09\/dog-full-600x450.png 600w\" data-sizes=\"(max-width: 894px) 100vw, 894px\" src=\"data:image\/svg+xml;base64,PHN2ZyB3aWR0aD0iMSIgaGVpZ2h0PSIxIiB4bWxucz0iaHR0cDovL3d3dy53My5vcmcvMjAwMC9zdmciPjwvc3ZnPg==\" style=\"--smush-placeholder-width: 894px; --smush-placeholder-aspect-ratio: 894\/670;\"><\/div>\n\t<\/div><\/figure>\n\n<\/div><\/div>\n<\/section>","protected":false},"excerpt":{"rendered":"<p>Na\u010dini pla\u0107anja i dostava Uvodna napomena Molimo Vas da potpune informacije te uvjete pristupanja i kori\u0161tenja na\u0161e internetske stranice s pripadaju\u0107om internetskom trgovinom www.volivoli.hr, odnosno kupnje u na\u0161oj internetskoj trgovini pro\u010ditate u na\u0161im Op\u0107im uvjetima.Naime, ni\u017ee navedene informacije i uvjeti pla\u0107anja i dostave naru\u010denih proizvoda u na\u0161oj internetskoj trgovini predstavljaju skra\u0107eni tekst, a sve u [&hellip;]<\/p>","protected":false},"author":2,"featured_media":0,"parent":0,"menu_order":0,"comment_status":"closed","ping_status":"closed","template":"","meta":{"_acf_changed":false,"_breakdance_hide_in_design_set":false,"_breakdance_tags":"","footnotes":""},"class_list":["post-650","page","type-page","status-publish","hentry"],"acf":[],"_links":{"self":[{"href":"https:\/\/volivoli.hr\/en\/wp-json\/wp\/v2\/pages\/650","targetHints":{"allow":["GET"]}}],"collection":[{"href":"https:\/\/volivoli.hr\/en\/wp-json\/wp\/v2\/pages"}],"about":[{"href":"https:\/\/volivoli.hr\/en\/wp-json\/wp\/v2\/types\/page"}],"author":[{"embeddable":true,"href":"https:\/\/volivoli.hr\/en\/wp-json\/wp\/v2\/users\/2"}],"replies":[{"embeddable":true,"href":"https:\/\/volivoli.hr\/en\/wp-json\/wp\/v2\/comments?post=650"}],"version-history":[{"count":10,"href":"https:\/\/volivoli.hr\/en\/wp-json\/wp\/v2\/pages\/650\/revisions"}],"predecessor-version":[{"id":3609,"href":"https:\/\/volivoli.hr\/en\/wp-json\/wp\/v2\/pages\/650\/revisions\/3609"}],"wp:attachment":[{"href":"https:\/\/volivoli.hr\/en\/wp-json\/wp\/v2\/media?parent=650"}],"curies":[{"name":"wp","href":"https:\/\/api.w.org\/{rel}","templated":true}]}}