{"id":642,"date":"2023-10-07T12:02:07","date_gmt":"2023-10-07T12:02:07","guid":{"rendered":"https:\/\/volivoli.hr\/?page_id=642"},"modified":"2024-05-02T11:28:50","modified_gmt":"2024-05-02T11:28:50","slug":"politika-kolacica","status":"publish","type":"page","link":"https:\/\/volivoli.hr\/en\/politika-kolacica\/","title":{"rendered":"Cookie policy"},"content":{"rendered":"<section class=\"bde-section-642-111 bde-section\">\n  \n\t\n\n\n\n<div class=\"section-container\"><div class=\"bde-div-642-112 bde-div\">\n  \n\t\n\n\n\n<h2 class=\"bde-heading-642-113 bde-heading\">\nCookie policy\n<\/h2><div class=\"bde-accordion-642-364 bde-accordion bde-accordion--bordered-bottom\"><div class=\"bde-accordion__content-wrapper-642-382 bde-accordion__content-wrapper\">\n<h3 class=\"bde-accordion__title-tag\">\n  <button type=\"button\" class=\"bde-accordion__button\" id=\"accordion-button-382\" aria-controls=\"accordion-panel-382\" aria-expanded=\"false\">\n     <span class=\"bde-accordion__title\" >About us<\/span>\n     <span class=\"bde-accordion__icon bde-accordion__icon--default\"><\/span>\n     <span class=\"bde-accordion__icon bde-accordion__icon--active\"><\/span>\n  <\/button>\n<\/h3>\n\n<div role=\"region\" class=\"bde-accordion__panel\" id=\"accordion-panel-382\" aria-labelledby=\"accordion-button-382\" hidden>\n   <div class=\"bde-text-642-383 bde-text\">\n<div id=\"_rich_text-10-147\" class=\"oxy-rich-text\" style=\"\"><p>Mi smo <strong>TVORNICA DOBRE HRANE d.o.o.<\/strong>, ulica Matije Gupca 78, Virovitica, OIB 25205565262 (dalje u tekstu: \u201e<strong><em>TDH<\/em><\/strong>\u201c). Vlasnici smo internetske stranice <a href=\"https:\/\/volivoli.hr\/en\/\">www.volivoli.hr<\/a> (further in the text: \"<strong><em>website<\/em><\/strong>\u201c).<\/p><p><strong>Ako ste posjetitelj, odnosno korisnik na\u0161e internetske stranice i njezinih funkcionalnosti ova Politika kola\u010di\u0107a primjenjuje se na Vas, te Vas molimo da je pa\u017eljivo pro\u010ditate.<\/strong><\/p><p>Ako imate pitanja u vezi na\u0161e internetske stranice, kao i pitanja u vezi ove Politike kola\u010di\u0107a, <strong>slobodno nas kontaktirajte<\/strong> putem elektroni\u010dke po\u0161te na adresu: <a href=\"mailto:info@volivoli.hr\">info@volivoli.hr<\/a>.<\/p><p>O promjenama i \/ ili dopunama informacija u Politici kola\u010di\u0107a, informirat \u0107emo Vas na vrijeme i putem na\u0161e internetske stranice.<\/p><\/div>\n<\/div>\n<\/div>\n\n\n\n<\/div><div class=\"bde-accordion__content-wrapper-642-402 bde-accordion__content-wrapper\">\n<h3 class=\"bde-accordion__title-tag\">\n  <button type=\"button\" class=\"bde-accordion__button\" id=\"accordion-button-402\" aria-controls=\"accordion-panel-402\" aria-expanded=\"false\">\n     <span class=\"bde-accordion__title\" >Va\u017eni pojmovi<\/span>\n     <span class=\"bde-accordion__icon bde-accordion__icon--default\"><\/span>\n     <span class=\"bde-accordion__icon bde-accordion__icon--active\"><\/span>\n  <\/button>\n<\/h3>\n\n<div role=\"region\" class=\"bde-accordion__panel\" id=\"accordion-panel-402\" aria-labelledby=\"accordion-button-402\" hidden>\n   <div class=\"bde-text-642-403 bde-text\">\n<div id=\"_rich_text-15-147\" class=\"oxy-rich-text\" style=\"\"><p><strong>Kola\u010di\u0107i (\u201e<em>cookies<\/em>\u201c) su male datoteke koje internet preglednik pohranjuje na Va\u0161em ra\u010dunalu, mobilnom ure\u0111aju ili nekom drugom ure\u0111aju kada posje\u0107ujete neko internet mjesto.<\/strong> Internet preglednik pohranjuje kola\u010di\u0107e po \"<em>nalogu<\/em>\" tog internet mjesta, a za daljnje potrebe tog internet mjesta koje mogu biti razli\u010dite i ovise o namjeni kola\u010di\u0107a.<\/p><p>Kola\u010di\u0107i se dijele prema <strong>trajanju<\/strong>, prema <strong>izvoru<\/strong> i prema <strong>funkciji<\/strong> kola\u010di\u0107a.<\/p><p>Prema <strong>trajanju<\/strong> kola\u010di\u0107i mogu biti <strong>stalni kola\u010di\u0107i<\/strong> (<em>ostaju na Va\u0161em ra\u010dunalu ili ure\u0111aju kojim je posje\u0107eno internet mjesto nakon zatvaranja internet preglednika<\/em>) i <strong>privremeni kola\u010di\u0107i<\/strong> (<em>uklanjaju se s Va\u0161eg ra\u010dunala ili ure\u0111aja kojim je posje\u0107eno internet mjesto po zatvaranju internet preglednika<\/em>).<\/p><p>Prema <strong>izvoru<\/strong> kola\u010di\u0107i mogu biti <strong>kola\u010di\u0107i prve strane<\/strong> (<em>pohranjuje ih izvorno internet mjesto koje primarno posje\u0107ujete<\/em>) i <strong>kola\u010di\u0107i tre\u0107e strane<\/strong> (<em>pohranjuju ih druga internet mjesta ili internet usluge, a koji su dijelovi izvornog internet mjesta kojeg primarno posje\u0107ujete<\/em>).<\/p><p>Prema <strong>funkciji<\/strong> postoji vi\u0161e kola\u010di\u0107a, ali naj\u010de\u0161\u0107i su <strong>tehni\u010dki (nu\u017eni) kola\u010di\u0107i<\/strong> (<em>nu\u017eni za samu funkcionalnost internet mjesta, kao i njezinih temeljnih svrha funkcioniranja<\/em>), <strong>funkcionalni kola\u010di\u0107i<\/strong> (<em>omogu\u0107uju internet mjestu pru\u017eanje pobolj\u0161ane funkcionalnosti i personalizaciju<\/em>), <strong>statisti\u010dki kola\u010di\u0107i<\/strong> (<em>prikupljaju informacije o tome kako posje\u0107ujete internet mjesto<\/em>) te <strong>marketin\u0161ki kola\u010di\u0107i<\/strong> (<em>prikupljaju informacije o Va\u0161im navikama i pona\u0161anju na internet mjestu u cilju objave personaliziranih oglasa<\/em>).<\/p><\/div>\n<\/div>\n<\/div>\n\n\n\n<\/div><div class=\"bde-accordion__content-wrapper-642-404 bde-accordion__content-wrapper\">\n<h3 class=\"bde-accordion__title-tag\">\n  <button type=\"button\" class=\"bde-accordion__button\" id=\"accordion-button-404\" aria-controls=\"accordion-panel-404\" aria-expanded=\"false\">\n     <span class=\"bde-accordion__title\" >Kola\u010di\u0107i koje koristimo<\/span>\n     <span class=\"bde-accordion__icon bde-accordion__icon--default\"><\/span>\n     <span class=\"bde-accordion__icon bde-accordion__icon--active\"><\/span>\n  <\/button>\n<\/h3>\n\n<div role=\"region\" class=\"bde-accordion__panel\" id=\"accordion-panel-404\" aria-labelledby=\"accordion-button-404\" hidden>\n   <div class=\"bde-text-642-405 bde-text\">\n\n<\/div><div class=\"bde-rich-text-642-424 bde-rich-text breakdance-rich-text-styles\">\n<div id=\"div_block-102-147\" class=\"ct-div-block\">\n<div id=\"_rich_text-20-147\" class=\"oxy-rich-text mb-4\">\n<p>\u00a0<\/p>\n<p>Ni\u017ee su navedeni <strong>kola\u010di\u0107i prema funkciji koje koristimo na na\u0161oj internetskoj stranici<\/strong>. Uz to\u010dan naziv kola\u010di\u0107a, navodi se i vrsta predmetnog kola\u010di\u0107a po izvoru (<em>kola\u010di\u0107 prve ili tre\u0107e strane<\/em>), njegovo trajanje te svrha.<\/p>\n<p>Molimo Vas da pa\u017eljivo pro\u010ditate sve o kola\u010di\u0107ima koje koristimo te da na temelju pru\u017eenih informacija odlu\u010dite o tome koje sve kola\u010di\u0107e \u0107ete omogu\u0107iti prilikom kori\u0161tenja na\u0161e internetske stranice, odnosno za koje kola\u010di\u0107e \u0107ete nam dati Va\u0161u privolu.<\/p>\n<p><strong>Kao korisnik na\u0161e internetske stranice slobodni ste upravljati kola\u010di\u0107ima te mijenjati Va\u0161e preference (odabire) u svakom trenutku<\/strong>, no onemogu\u0107avanjem odre\u0111enih kola\u010di\u0107a mogu\u0107e je da neke funkcionalnosti internetske stranice ne\u0107e ispravno funkcionirati.<\/p>\n<p>Tako\u0111er, molimo Vas da imate na umu kako <strong>odre\u0111ene tehni\u010dke kola\u010di\u0107e nije mogu\u0107e isklju\u010diti<\/strong>, jer su predmetni kola\u010di\u0107i nu\u017eni za funkcioniranje i rad internetske stranice. Predmetni tehni\u010dki kola\u010di\u0107i ne pohranjuju nikakve Va\u0161e osobne podatke putem kojih Vas se mo\u017ee identificirati.<\/p>\n<p><strong>Putem odre\u0111enih kola\u010di\u0107a koje koristimo na na\u0161oj internetskoj stranici, prikupljamo i obra\u0111ujemo odre\u0111ene Va\u0161e osobne podatke<\/strong>. Vi\u0161e o tome kako prikupljamo, obra\u0111ujemo i \u0161titimo Va\u0161e osobne podatke op\u0107enito, ali i one prikupljene putem odre\u0111enih kola\u010di\u0107a i tehnologija pra\u0107enja na na\u0161oj internetskoj stranici, pro\u010ditajte u na\u0161oj <a href=\"https:\/\/volivoli.hr\/en\/politika-privatnosti\/\"><strong> Privacy Policy.<\/strong>.<\/a><\/p>\n<p>U slu\u010daju promjene kola\u010di\u0107a i\/ili tehnologija pra\u0107enja koje koristimo na na\u0161oj internetskoj stranici, informirat \u0107emo Vas na vrijeme i putem na\u0161e internetske stranice.<\/p>\n<\/div>\n<\/div>\n<\/div><div class=\"bde-text-642-485 bde-text\">\nNeophodni (1)\n<\/div><div class=\"bde-grid-642-455 bde-grid\">\n  \n\t\n\n\n\n<div class=\"bde-div-642-457 bde-div\">\n  \n\t\n\n\n\n<div class=\"bde-text-642-456 bde-text\">\nBroj kola\u010di\u0107a\n<\/div>\n<\/div><div class=\"bde-div-642-460 bde-div\">\n  \n\t\n\n\n\n<div class=\"bde-text-642-461 bde-text\">\nIme kola\u010di\u0107a\n<\/div>\n<\/div><div class=\"bde-div-642-462 bde-div\">\n  \n\t\n\n\n\n<div class=\"bde-text-642-463 bde-text\">\nVrsta\n<\/div>\n<\/div><div class=\"bde-div-642-464 bde-div\">\n  \n\t\n\n\n\n<div class=\"bde-text-642-465 bde-text\">\nTrajanje\n<\/div>\n<\/div><div class=\"bde-div-642-466 bde-div\">\n  \n\t\n\n\n\n<div class=\"bde-text-642-467 bde-text\">\nSvrha\n<\/div>\n<\/div><div class=\"bde-div-642-468 bde-div\">\n  \n\t\n\n\n\n<div class=\"bde-text-642-478 bde-text\">\n1.\n<\/div>\n<\/div><div class=\"bde-div-642-479 bde-div\">\n  \n\t\n\n\n\n<div class=\"bde-text-642-559 bde-text\">\nCookie Consent\n<\/div>\n<\/div><div class=\"bde-div-642-481 bde-div\">\n  \n\t\n\n\n\n<div class=\"bde-text-642-482 bde-text\">\nKola\u010di\u0107 tre\u0107e strane\n<\/div>\n<\/div><div class=\"bde-div-642-483 bde-div\">\n  \n\t\n\n\n\n<div class=\"bde-text-642-484 bde-text\">\n1 godina\n<\/div>\n<\/div><div class=\"bde-div-642-476 bde-div\">\n  \n\t\n\n\n\n<div class=\"bde-text-642-477 bde-text\">\nPohranjuje stanje pristanka korisnika na kola\u010di\u0107e za trenutnu domenu.\n<\/div>\n<\/div>\n<\/div><div class=\"bde-text-642-527 bde-text\">\nStatistika (2)\n<\/div><div class=\"bde-grid-642-560 bde-grid\">\n  \n\t\n\n\n\n<div class=\"bde-div-642-561 bde-div\">\n  \n\t\n\n\n\n<div class=\"bde-text-642-562 bde-text\">\nBroj kola\u010di\u0107a\n<\/div>\n<\/div><div class=\"bde-div-642-563 bde-div\">\n  \n\t\n\n\n\n<div class=\"bde-text-642-564 bde-text\">\nIme kola\u010di\u0107a\n<\/div>\n<\/div><div class=\"bde-div-642-565 bde-div\">\n  \n\t\n\n\n\n<div class=\"bde-text-642-566 bde-text\">\nVrsta\n<\/div>\n<\/div><div class=\"bde-div-642-567 bde-div\">\n  \n\t\n\n\n\n<div class=\"bde-text-642-568 bde-text\">\nTrajanje\n<\/div>\n<\/div><div class=\"bde-div-642-569 bde-div\">\n  \n\t\n\n\n\n<div class=\"bde-text-642-570 bde-text\">\nSvrha\n<\/div>\n<\/div><div class=\"bde-div-642-571 bde-div\">\n  \n\t\n\n\n\n<div class=\"bde-text-642-572 bde-text\">\n1.\n<\/div>\n<\/div><div class=\"bde-div-642-573 bde-div\">\n  \n\t\n\n\n\n<div class=\"bde-text-642-574 bde-text\">\n_ga\n<\/div>\n<\/div><div class=\"bde-div-642-575 bde-div\">\n  \n\t\n\n\n\n<div class=\"bde-text-642-576 bde-text\">\nKola\u010di\u0107 prve strane\n<\/div>\n<\/div><div class=\"bde-div-642-577 bde-div\">\n  \n\t\n\n\n\n<div class=\"bde-text-642-578 bde-text\">\n2 godine\n<\/div>\n<\/div><div class=\"bde-div-642-579 bde-div\">\n  \n\t\n\n\n\n<div class=\"bde-text-642-580 bde-text\">\nRegistrira jedinstveni ID koji se koristi za generiranje statistika o tome kako posjetitelj koristi web stranicu.\n<\/div>\n<\/div><div class=\"bde-div-642-581 bde-div\">\n  \n\t\n\n\n\n<div class=\"bde-text-642-582 bde-text\">\n2.\n<\/div>\n<\/div><div class=\"bde-div-642-583 bde-div\">\n  \n\t\n\n\n\n<div class=\"bde-text-642-584 bde-text\">\nga#\n<\/div>\n<\/div><div class=\"bde-div-642-585 bde-div\">\n  \n\t\n\n\n\n<div class=\"bde-text-642-586 bde-text\">\nKola\u010di\u0107 tre\u0107e strane\n<\/div>\n<\/div><div class=\"bde-div-642-587 bde-div\">\n  \n\t\n\n\n\n<div class=\"bde-text-642-588 bde-text\">\n2 godine\n<\/div>\n<\/div><div class=\"bde-div-642-589 bde-div\">\n  \n\t\n\n\n\n<div class=\"bde-text-642-590 bde-text\">\nKoristi ga Google Analytics za prikupljanje podataka o tome koliko puta je korisnik posjetio web stranicu, kao i o datumima prve i posljednje posjete.\n<\/div>\n<\/div>\n<\/div>\n<\/div>\n\n\n\n<\/div><div class=\"bde-accordion__content-wrapper-642-406 bde-accordion__content-wrapper\">\n<h3 class=\"bde-accordion__title-tag\">\n  <button type=\"button\" class=\"bde-accordion__button\" id=\"accordion-button-406\" aria-controls=\"accordion-panel-406\" aria-expanded=\"false\">\n     <span class=\"bde-accordion__title\" >Dijeljenje podataka<\/span>\n     <span class=\"bde-accordion__icon bde-accordion__icon--default\"><\/span>\n     <span class=\"bde-accordion__icon bde-accordion__icon--active\"><\/span>\n  <\/button>\n<\/h3>\n\n<div role=\"region\" class=\"bde-accordion__panel\" id=\"accordion-panel-406\" aria-labelledby=\"accordion-button-406\" hidden>\n   <div class=\"bde-text-642-407 bde-text\">\n<div id=\"_rich_text-25-147\" class=\"oxy-rich-text\" style=\"\"><p><strong>Podatke prikupljene putem kola\u010di\u0107a dijelimo s pru\u017eateljima odre\u0111enih usluga<\/strong> potrebnih TDH za obavljanje poslovnih aktivnosti, to\u010dnije potrebnih za funkcioniranje na\u0161e internetske stranice, kao i kori\u0161tenje odre\u0111enih alata (funkcionalnosti) na na\u0161oj internetskoj stranici. Primjerice, to su pru\u017eatelji usluga izrade i odr\u017eavanja na\u0161e internetske stranice, pru\u017eatelji analiti\u010dki usluga na na\u0161oj internetskoj stranici, pru\u017eatelji raznih alata (funkcionalnosti) koji se koriste na na\u0161oj internetskoj stranici i sli\u010dno.<\/p><\/div>\n<\/div>\n<\/div>\n\n\n\n<\/div><div class=\"bde-accordion__content-wrapper-642-408 bde-accordion__content-wrapper\">\n<h3 class=\"bde-accordion__title-tag\">\n  <button type=\"button\" class=\"bde-accordion__button\" id=\"accordion-button-408\" aria-controls=\"accordion-panel-408\" aria-expanded=\"false\">\n     <span class=\"bde-accordion__title\" >Upravljanje kola\u010di\u0107ima<\/span>\n     <span class=\"bde-accordion__icon bde-accordion__icon--default\"><\/span>\n     <span class=\"bde-accordion__icon bde-accordion__icon--active\"><\/span>\n  <\/button>\n<\/h3>\n\n<div role=\"region\" class=\"bde-accordion__panel\" id=\"accordion-panel-408\" aria-labelledby=\"accordion-button-408\" hidden>\n   <div class=\"bde-text-642-409 bde-text\">\n<div id=\"_rich_text-30-147\" class=\"oxy-rich-text\" style=\"\"><p>Kako smo spomenuli u prethodnim dijelovima teksta ove Politike kola\u010di\u0107a, kao korisnik na\u0161e internetske stranice slobodni ste upravljati kola\u010di\u0107ima te mijenjati Va\u0161e preference (odabire) u svakom trenutku.<\/p><p>Op\u0107enito, <strong>kola\u010di\u0107e mo\u017eete prihva\u0107ati (omogu\u0107avati), odbijati ili brisati (onemogu\u0107avati)<\/strong>. U informativne svrhe, ni\u017ee navodimo i opisujemo neke osnovne na\u010dine upravljanja kola\u010di\u0107ima.<\/p><p>Kontrolu kola\u010di\u0107a mo\u017eete vr\u0161iti putem alata, odnosno postavki za pode\u0161avanje kola\u010di\u0107a i privatnosti na internetskim stranicama.<\/p><p>Brisanjem povijesti pretra\u017eivanja iz svojeg internet preglednika, izbrisat \u0107ete (ukloniti) i sve pohranjene kola\u010di\u0107e s Va\u0161eg ure\u0111aja. No, budite svjesni kako ovakvim postupanjem mo\u017eete izgubiti i neke spremljene podatke (<em>na primjer podatke za prijavu na ra\u010dune, osobne preferencije na raznim internetskim stranicama i sli\u010dno<\/em>).<\/p><p>Mo\u017eete podesiti svoj internet preglednik da prihva\u0107a ili odbija kola\u010di\u0107e. Ako odlu\u010dite podesiti svoj internet preglednik na na\u010din da odbija kola\u010di\u0107e, mogu\u0107e da \u0107e Vam pristup nekim funkcionalnostima internetskih stranica biti ograni\u010den ili onemogu\u0107en.<\/p><p>Postoje i razli\u010diti drugi na\u010dini upravljanja kola\u010di\u0107ima te Vas molimo da se vi\u0161e o svemu informirate na sljede\u0107oj poveznici: <a href=\"https:\/\/www.aboutcookies.org\/\" target=\"_blank\" rel=\"noopener\">https:\/\/www.aboutcookies.org\/<\/a>.<\/p><\/div>\n<\/div>\n<\/div>\n\n\n\n<\/div>\r\n\r\n<\/div>\n<\/div><div class=\"bde-image-642-341 bde-image\">\n<figure class=\"breakdance-image breakdance-image--230\">\n\t<div class=\"breakdance-image-container\">\n\t\t<div class=\"breakdance-image-clip\"><img decoding=\"async\" class=\"breakdance-image-object lazyload\" data-src=\"http:\/\/volivoli.hr\/wp-content\/uploads\/2023\/09\/dog-full.png\" width=\"894\" height=\"670\" data-srcset=\"https:\/\/volivoli.hr\/wp-content\/uploads\/2023\/09\/dog-full.png 894w, https:\/\/volivoli.hr\/wp-content\/uploads\/2023\/09\/dog-full-300x225.png 300w, https:\/\/volivoli.hr\/wp-content\/uploads\/2023\/09\/dog-full-768x576.png 768w, https:\/\/volivoli.hr\/wp-content\/uploads\/2023\/09\/dog-full-600x450.png 600w\" data-sizes=\"(max-width: 894px) 100vw, 894px\" src=\"data:image\/svg+xml;base64,PHN2ZyB3aWR0aD0iMSIgaGVpZ2h0PSIxIiB4bWxucz0iaHR0cDovL3d3dy53My5vcmcvMjAwMC9zdmciPjwvc3ZnPg==\" style=\"--smush-placeholder-width: 894px; --smush-placeholder-aspect-ratio: 894\/670;\"><\/div>\n\t<\/div><\/figure>\n\n<\/div><\/div>\n<\/section>","protected":false},"excerpt":{"rendered":"<p>Politika kola\u010di\u0107a O nama Mi smo TVORNICA DOBRE HRANE d.o.o., ulica Matije Gupca 78, Virovitica, OIB 25205565262 (dalje u tekstu: \u201eTDH\u201c). Vlasnici smo internetske stranice www.volivoli.hr (dalje u tekstu: \u201einternetska stranica\u201c).Ako ste posjetitelj, odnosno korisnik na\u0161e internetske stranice i njezinih funkcionalnosti ova Politika kola\u010di\u0107a primjenjuje se na Vas, te Vas molimo da je pa\u017eljivo pro\u010ditate.Ako [&hellip;]<\/p>","protected":false},"author":2,"featured_media":0,"parent":0,"menu_order":0,"comment_status":"closed","ping_status":"closed","template":"","meta":{"_acf_changed":false,"_breakdance_hide_in_design_set":false,"_breakdance_tags":"","footnotes":""},"class_list":["post-642","page","type-page","status-publish","hentry"],"acf":[],"_links":{"self":[{"href":"https:\/\/volivoli.hr\/en\/wp-json\/wp\/v2\/pages\/642","targetHints":{"allow":["GET"]}}],"collection":[{"href":"https:\/\/volivoli.hr\/en\/wp-json\/wp\/v2\/pages"}],"about":[{"href":"https:\/\/volivoli.hr\/en\/wp-json\/wp\/v2\/types\/page"}],"author":[{"embeddable":true,"href":"https:\/\/volivoli.hr\/en\/wp-json\/wp\/v2\/users\/2"}],"replies":[{"embeddable":true,"href":"https:\/\/volivoli.hr\/en\/wp-json\/wp\/v2\/comments?post=642"}],"version-history":[{"count":10,"href":"https:\/\/volivoli.hr\/en\/wp-json\/wp\/v2\/pages\/642\/revisions"}],"predecessor-version":[{"id":1710,"href":"https:\/\/volivoli.hr\/en\/wp-json\/wp\/v2\/pages\/642\/revisions\/1710"}],"wp:attachment":[{"href":"https:\/\/volivoli.hr\/en\/wp-json\/wp\/v2\/media?parent=642"}],"curies":[{"name":"wp","href":"https:\/\/api.w.org\/{rel}","templated":true}]}}