{"id":206,"date":"2023-09-08T19:18:13","date_gmt":"2023-09-08T19:18:13","guid":{"rendered":"https:\/\/volivoli.hr\/?page_id=206"},"modified":"2025-10-10T09:17:14","modified_gmt":"2025-10-10T09:17:14","slug":"kontakt","status":"publish","type":"page","link":"https:\/\/volivoli.hr\/en\/kontakt\/","title":{"rendered":"Contact"},"content":{"rendered":"<section class=\"bde-section-206-111 bde-section\">\n  \n\t\n\n\n\n<div class=\"section-container\"><div class=\"bde-div-206-112 bde-div\">\n  \n\t\n\n\n\n<h1 class=\"bde-heading-206-337 bde-heading\">\nWe love it when you call us!\n<\/h1><div class=\"bde-div-206-340 bde-div\">\n  \n\t\n\n\n\n<div class=\"bde-form-builder-206-339 bde-form-builder\">\n\n\n<form id=\"contact-form339\" class=\"breakdance-form breakdance-form--vertical has-breakpoints\" data-options=\"{&quot;slug&quot;:&quot;custom&quot;,&quot;name&quot;:&quot;Contact Form&quot;,&quot;ajaxUrl&quot;:&quot;https:\\\/\\\/volivoli.hr\\\/wp-admin\\\/admin-ajax.php&quot;,&quot;clearOnSuccess&quot;:true,&quot;hideOnSuccess&quot;:false,&quot;successMessage&quot;:&quot;Va\\u0161a poruka je primljena!&quot;,&quot;errorMessage&quot;:&quot;Ne\\u0161to je po\\u0161lo po zlu&quot;,&quot;redirect&quot;:false,&quot;redirectUrl&quot;:&quot;&quot;,&quot;customJavaScript&quot;:&quot;&quot;,&quot;recaptcha&quot;:{&quot;key&quot;:&quot;&quot;,&quot;enabled&quot;:false},&quot;honeypot_enabled&quot;:false,&quot;popupsOnSuccess&quot;:[],&quot;popupsOnError&quot;:[]}\" data-steps=\"0\" action=\"\" >\n  \n  \n  \n<div class=\"breakdance-form-field breakdance-form-field--text\" >\n    \n    \n            <label class=\"breakdance-form-field__label\" for=\"name\">\n            Your name<span class=\"breakdance-form-field__required\">*<\/span>\n        <\/label>\n    \n    <input\n    class=\"breakdance-form-field__input\"\n    id=\"name\"\n    aria-describedby=\"name\"\n    type=\"text\"\n    name=\"fields[name]\"\n    placeholder=\"Type here\"\n    value=\"\"\n                \n        \n        \n    required\n>\n\n\n    \n    \n<\/div>\n\n\n<div class=\"breakdance-form-field breakdance-form-field--email\" >\n    \n    \n            <label class=\"breakdance-form-field__label\" for=\"email\">\n            Your e-mail address<span class=\"breakdance-form-field__required\">*<\/span>\n        <\/label>\n    \n    <input\n    class=\"breakdance-form-field__input\"\n    id=\"email\"\n    aria-describedby=\"email\"\n    type=\"email\"\n    name=\"fields[email]\"\n    placeholder=\"Type here\"\n    value=\"\"\n                \n        \n        \n    required\n>\n\n\n    \n    \n<\/div>\n\n\n<div class=\"breakdance-form-field breakdance-form-field--textarea\" >\n    \n    \n            <label class=\"breakdance-form-field__label\" for=\"message\">\n            Your message<span class=\"breakdance-form-field__required\">*<\/span>\n        <\/label>\n    \n    <textarea\n    class=\"breakdance-form-field__input\"\n    id=\"message\"\n    aria-describedby=\"message\"\n    type=\"textarea\"\n    name=\"fields[message]\"\n        placeholder=\"Type here\"\n    required\n>\n<\/textarea>\n\n\n    \n    \n<\/div>\n\n\n<div class=\"breakdance-form-field breakdance-form-field--html\" >\n    \n    \n    \n    <div class=\"form-input-html\"\n    >\n  <p class=\"voli-form-disclaimer\">TVORNICA DOBRE HRANE d.o.o. processes your personal data for the purpose of responding to your inquiry. For more information on how we collect, process and protect personal data, and what rights you can exercise in relation to the processing of your data, please read our Privacy Policy. <a href=\"https:\/\/volivoli.hr\/en\/politika-privatnosti\/\">Privacy policy<\/a><\/p>\n<\/div>\n\n\n    \n    \n<\/div>\n\n\n  \n\n<div class=\"breakdance-form-field breakdance-form-footer\">\n    \n    \n                                    \n    \n    \n    \n    \n            \n            <button type=\"submit\" class=\"button-atom button-atom--primary breakdance-form-button breakdance-form-button__submit\"  >\n    \n        <span class=\"button-atom__text\">Send<\/span>\n\n        \n        \n            <\/button>\n    \n    <input type=\"hidden\" name=\"form_id\" value=\"339\">\n    <input type=\"hidden\" name=\"post_id\" value=\"206\">\n<\/div>\n\n  \n<input type=\"hidden\" name=\"trp-form-language\" value=\"en\"\/><\/form>\n\n\n\n<\/div><div class=\"bde-google-map-206-341 bde-google-map\">\n\r\n<iframe width=\"100%\" height=\"100%\" style=\"border:0\" title=\"Map\" data-src=\"https:\/\/maps.google.com\/maps?q=Industrijska+ul.+I+1%2C+33000%2C+Virovitica&t=m&z=15&output=embed&iwloc=near\" allowfullscreen src=\"data:image\/svg+xml;base64,PHN2ZyB3aWR0aD0iMSIgaGVpZ2h0PSIxIiB4bWxucz0iaHR0cDovL3d3dy53My5vcmcvMjAwMC9zdmciPjwvc3ZnPg==\" class=\"lazyload\" data-load-mode=\"1\"><\/iframe>\n\n<\/div><div class=\"bde-columns-206-342 bde-columns\"><div class=\"bde-column-206-343 bde-column\">\n  \n\t\n\n\n\n<div class=\"bde-columns-206-346 bde-columns\"><div class=\"bde-column-206-347 bde-column\">\n  \n\t\n\n\n\n<div class=\"bde-div-206-385 bde-div\">\n  \n\t\n\n\n\n<div class=\"bde-icon-206-353 bde-icon\">\n\n    \n            <div class=\"bde-icon-icon breakdance-icon-atom\" >\n    \n                    <svg xmlns=\"http:\/\/www.w3.org\/2000\/svg\" width=\"35\" height=\"35\" viewbox=\"0 0 35 35\" fill=\"none\">\r\n<path fill-rule=\"evenodd\" clip-rule=\"evenodd\" d=\"M23.6037 14.9005C23.6037 16.4394 22.9924 17.9152 21.9043 19.0034C20.8161 20.0915 19.3403 20.7028 17.8014 20.7028C16.2625 20.7028 14.7866 20.0915 13.6985 19.0034C12.6103 17.9152 11.999 16.4394 11.999 14.9005C11.999 13.3616 12.6103 11.8858 13.6985 10.7976C14.7866 9.70946 16.2625 9.09814 17.8014 9.09814C19.3403 9.09814 20.8161 9.70946 21.9043 10.7976C22.9924 11.8858 23.6037 13.3616 23.6037 14.9005ZM20.7025 14.9005C20.7025 15.6699 20.3969 16.4079 19.8528 16.9519C19.3087 17.496 18.5708 17.8017 17.8014 17.8017C17.0319 17.8017 16.294 17.496 15.7499 16.9519C15.2059 16.4079 14.9002 15.6699 14.9002 14.9005C14.9002 14.1311 15.2059 13.3931 15.7499 12.8491C16.294 12.305 17.0319 11.9993 17.8014 11.9993C18.5708 11.9993 19.3087 12.305 19.8528 12.8491C20.3969 13.3931 20.7025 14.1311 20.7025 14.9005Z\" fill=\"black\"\/>\r\n<path fill-rule=\"evenodd\" clip-rule=\"evenodd\" d=\"M8.40451 23.9608C6.53447 22.1803 5.2344 19.8852 4.66872 17.3659C4.10303 14.8465 4.29713 12.216 5.22648 9.8069C6.15582 7.39784 7.77866 5.31847 9.88979 3.83173C12.0009 2.34499 14.5055 1.51766 17.0868 1.45436C19.6681 1.39107 22.2103 2.09465 24.3917 3.47613C26.5732 4.85761 28.296 6.85495 29.3423 9.21556C30.3886 11.5762 30.7114 14.194 30.2699 16.7381C29.8283 19.2822 28.6423 21.6382 26.8618 23.5082L17.8594 32.9631L8.40451 23.9608ZM24.7613 21.5079L17.7593 28.8623L10.4049 21.8603C8.95046 20.4755 7.93936 18.6905 7.49941 16.731C7.05947 14.7716 7.21044 12.7256 7.93323 10.852C8.65603 8.9783 9.91819 7.36103 11.5601 6.20468C13.202 5.04833 15.15 4.40482 17.1576 4.35552C19.1653 4.30623 21.1425 4.85337 22.8392 5.92775C24.5358 7.00213 25.8759 8.5555 26.6897 10.3914C27.5036 12.2274 27.7548 14.2634 27.4116 16.2421C27.0683 18.2208 26.146 20.0533 24.7613 21.5079Z\" fill=\"black\"\/>\r\n<\/svg>\n        \n        \n        \n            <\/div>\n    \n\n\n<\/div><div class=\"bde-text-206-354 bde-text\">\nIndustrijska ulica I 1, 33 000 Virovitica\u2028\n<\/div>\n<\/div>\n<\/div><div class=\"bde-column-206-365 bde-column\">\n  \n\t\n\n\n\n<div class=\"bde-div-206-386 bde-div\">\n  \n\t\n\n\n\n<div class=\"bde-icon-206-368 bde-icon\">\n\n    \n            <div class=\"bde-icon-icon breakdance-icon-atom\" >\n    \n                    <svg xmlns=\"http:\/\/www.w3.org\/2000\/svg\" width=\"35\" height=\"35\" viewbox=\"0 0 35 35\" fill=\"none\">\r\n<path d=\"M30.4622 21.0517L24.0583 18.1809L24.0338 18.17C23.6175 17.9905 23.1629 17.9183 22.7116 17.9599C22.2602 18.0014 21.8264 18.1555 21.4499 18.408C21.3972 18.4433 21.3463 18.4814 21.2976 18.5222L18.2636 21.1061C16.4957 20.1473 14.6694 18.3359 13.7092 16.5897L16.3013 13.5082C16.3429 13.4584 16.3815 13.4062 16.4169 13.3518C16.6627 12.9766 16.812 12.5465 16.8514 12.0997C16.8907 11.653 16.819 11.2034 16.6426 10.791C16.6384 10.7831 16.6348 10.7749 16.6317 10.7665L13.7623 4.35177C13.5267 3.81531 13.1248 3.36894 12.6158 3.0787C12.1069 2.78847 11.518 2.6698 10.9364 2.74026C8.96225 2.99959 7.15004 3.96865 5.83818 5.46644C4.52633 6.96424 3.80454 8.88835 3.80763 10.8794C3.80763 21.9778 12.8362 31.0063 23.9345 31.0063C25.9256 31.0094 27.8497 30.2876 29.3475 28.9758C30.8453 27.6639 31.8144 25.8517 32.0737 23.8776C32.1441 23.2959 32.0255 22.7071 31.7352 22.1981C31.445 21.6892 30.9986 21.2872 30.4622 21.0517ZM23.9345 27.7425C19.4638 27.7371 15.1778 25.9587 12.0165 22.7974C8.85522 19.6362 7.07685 15.3501 7.07145 10.8794C7.06833 9.75271 7.45084 8.65886 8.15542 7.77962C8.85999 6.90039 9.84421 6.28872 10.9445 6.04624L13.5039 11.7579L10.8983 14.8613C10.8562 14.9115 10.8171 14.9641 10.7813 15.019C10.5245 15.4114 10.3735 15.8636 10.343 16.3316C10.3125 16.7996 10.4035 17.2675 10.6073 17.6899C11.8883 20.3119 14.5279 22.9338 17.1771 24.2176C17.6023 24.4192 18.0726 24.507 18.5419 24.4724C19.0113 24.4379 19.4636 24.2821 19.8547 24.0204C19.9073 23.9849 19.9577 23.9463 20.0057 23.9048L23.056 21.3114L28.7677 23.8694C28.5252 24.9697 27.9135 25.9539 27.0343 26.6585C26.1551 27.3631 25.0612 27.7456 23.9345 27.7425Z\" fill=\"black\"\/>\r\n<\/svg>\n        \n        \n        \n            <\/div>\n    \n\n\n<\/div><div class=\"bde-text-206-370 bde-text\">\n+385 91 615 4477\n<\/div>\n<\/div>\n<\/div><div class=\"bde-column-206-371 bde-column\">\n  \n\t\n\n\n\n<div class=\"bde-div-206-389 bde-div\">\n  \n\t\n\n\n\n<div class=\"bde-icon-206-374 bde-icon\">\n\n    \n            <div class=\"bde-icon-icon breakdance-icon-atom\" >\n    \n                    <svg xmlns=\"http:\/\/www.w3.org\/2000\/svg\" width=\"36\" height=\"35\" viewbox=\"0 0 36 35\" fill=\"none\">\r\n<path d=\"M6.5086 29.0116C5.71078 29.0116 5.02755 28.7273 4.45892 28.1587C3.89029 27.5901 3.60646 26.9073 3.60742 26.1105V8.70342C3.60742 7.9056 3.89174 7.22237 4.46037 6.65374C5.029 6.08511 5.71174 5.80128 6.5086 5.80225H29.718C30.5158 5.80225 31.199 6.08656 31.7677 6.65519C32.3363 7.22382 32.6201 7.90657 32.6192 8.70342V26.1105C32.6192 26.9083 32.3349 27.5915 31.7662 28.1602C31.1976 28.7288 30.5149 29.0126 29.718 29.0116H6.5086ZM18.1133 18.8575L6.5086 11.6046V26.1105H29.718V11.6046L18.1133 18.8575ZM18.1133 15.9564L29.718 8.70342H6.5086L18.1133 15.9564ZM6.5086 11.6046V8.70342V26.1105V11.6046Z\" fill=\"black\"\/>\r\n<\/svg>\n        \n        \n        \n            <\/div>\n    \n\n\n<\/div><div class=\"bde-text-206-376 bde-text\">\ninfo@volivoli.hr\n<\/div>\n<\/div>\n<\/div><\/div>\n<\/div><div class=\"bde-column-206-344 bde-column\">\n  \n\t\n\n\n\n<div class=\"bde-columns-206-381 bde-columns\"><div class=\"bde-column-206-382 bde-column\">\n  \n\t\n\n\n\n<div class=\"bde-image-206-378 bde-image\">\n<figure class=\"breakdance-image breakdance-image--1052\">\n\t<div class=\"breakdance-image-container\">\n\t\t<div class=\"breakdance-image-clip\"><a class=\"breakdance-image-link breakdance-image-link--url\" href=\"https:\/\/www.facebook.com\/volivolipetfood\/\" target=\"_self\" rel=\"noopener\" data-sub-html=\"\" data-lg-size=\"-\"><img decoding=\"async\" class=\"breakdance-image-object lazyload\" data-src=\"https:\/\/volivoli.hr\/wp-content\/uploads\/2023\/11\/Facebook-volivoli.svg\" width=\"\" height=\"\" src=\"data:image\/svg+xml;base64,PHN2ZyB3aWR0aD0iMSIgaGVpZ2h0PSIxIiB4bWxucz0iaHR0cDovL3d3dy53My5vcmcvMjAwMC9zdmciPjwvc3ZnPg==\"><\/a><\/div>\n\t<\/div><\/figure>\n\n<\/div>\n<\/div><div class=\"bde-column-206-383 bde-column\">\n  \n\t\n\n\n\n<div class=\"bde-image-206-380 bde-image\">\n<figure class=\"breakdance-image breakdance-image--1053\">\n\t<div class=\"breakdance-image-container\">\n\t\t<div class=\"breakdance-image-clip\"><a class=\"breakdance-image-link breakdance-image-link--url\" href=\"https:\/\/www.instagram.com\/volivoli_petfood\/\" target=\"_self\" rel=\"noopener\" data-sub-html=\"\" data-lg-size=\"-\"><img decoding=\"async\" class=\"breakdance-image-object lazyload\" data-src=\"https:\/\/volivoli.hr\/wp-content\/uploads\/2023\/11\/instagram-volivoli.svg\" width=\"\" height=\"\" src=\"data:image\/svg+xml;base64,PHN2ZyB3aWR0aD0iMSIgaGVpZ2h0PSIxIiB4bWxucz0iaHR0cDovL3d3dy53My5vcmcvMjAwMC9zdmciPjwvc3ZnPg==\"><\/a><\/div>\n\t<\/div><\/figure>\n\n<\/div>\n<\/div><div class=\"bde-column-206-384 bde-column\">\n  \n\t\n\n\n\n<div class=\"bde-image-206-379 bde-image\">\n<figure class=\"breakdance-image breakdance-image--1054\">\n\t<div class=\"breakdance-image-container\">\n\t\t<div class=\"breakdance-image-clip\"><a class=\"breakdance-image-link breakdance-image-link--url\" href=\"https:\/\/www.linkedin.com\/company\/volivoli\/?\" target=\"_self\" rel=\"noopener\" data-sub-html=\"\" data-lg-size=\"-\"><img decoding=\"async\" class=\"breakdance-image-object lazyload\" data-src=\"https:\/\/volivoli.hr\/wp-content\/uploads\/2023\/11\/Linkedin-volivoli.svg\" width=\"\" height=\"\" src=\"data:image\/svg+xml;base64,PHN2ZyB3aWR0aD0iMSIgaGVpZ2h0PSIxIiB4bWxucz0iaHR0cDovL3d3dy53My5vcmcvMjAwMC9zdmciPjwvc3ZnPg==\"><\/a><\/div>\n\t<\/div><\/figure>\n\n<\/div>\n<\/div><\/div>\n<\/div><\/div>\n<\/div>\n<\/div><\/div>\n<\/section>","protected":false},"excerpt":{"rendered":"<p>Volimo kad nam se javite! Va\u0161e ime* Va\u0161a e-mail adresa* Va\u0161a poruka* TVORNICA DOBRE HRANE d.o.o. obra\u0111uje Va\u0161e gore tra\u017eene osobne podatke u svrhu odgovaranja na Va\u0161 upit. Vi\u0161e informacija o tome kako prikupljamo, obra\u0111ujemo i \u0161titimo osobne podatke, te koja prava mo\u017eete ostvariti u odnosu na obradu Va\u0161ih osobnih podataka, pro\u010ditajte u na\u0161oj Politici [&hellip;]<\/p>","protected":false},"author":2,"featured_media":0,"parent":0,"menu_order":0,"comment_status":"closed","ping_status":"closed","template":"","meta":{"_acf_changed":false,"_breakdance_hide_in_design_set":false,"_breakdance_tags":"","footnotes":""},"class_list":["post-206","page","type-page","status-publish","hentry"],"acf":[],"_links":{"self":[{"href":"https:\/\/volivoli.hr\/en\/wp-json\/wp\/v2\/pages\/206","targetHints":{"allow":["GET"]}}],"collection":[{"href":"https:\/\/volivoli.hr\/en\/wp-json\/wp\/v2\/pages"}],"about":[{"href":"https:\/\/volivoli.hr\/en\/wp-json\/wp\/v2\/types\/page"}],"author":[{"embeddable":true,"href":"https:\/\/volivoli.hr\/en\/wp-json\/wp\/v2\/users\/2"}],"replies":[{"embeddable":true,"href":"https:\/\/volivoli.hr\/en\/wp-json\/wp\/v2\/comments?post=206"}],"version-history":[{"count":30,"href":"https:\/\/volivoli.hr\/en\/wp-json\/wp\/v2\/pages\/206\/revisions"}],"predecessor-version":[{"id":3164,"href":"https:\/\/volivoli.hr\/en\/wp-json\/wp\/v2\/pages\/206\/revisions\/3164"}],"wp:attachment":[{"href":"https:\/\/volivoli.hr\/en\/wp-json\/wp\/v2\/media?parent=206"}],"curies":[{"name":"wp","href":"https:\/\/api.w.org\/{rel}","templated":true}]}}