{"id":192,"date":"2023-09-08T19:17:50","date_gmt":"2023-09-08T19:17:50","guid":{"rendered":"https:\/\/volivoli.hr\/?page_id=192"},"modified":"2023-12-08T07:31:24","modified_gmt":"2023-12-08T07:31:24","slug":"webshop","status":"publish","type":"page","link":"https:\/\/volivoli.hr\/en\/webshop\/","title":{"rendered":"Webshop"},"content":{"rendered":"<section class=\"bde-section-192-111 bde-section\">\n  \n\t\n\n\n\n<div class=\"section-container\"><div class=\"bde-div-192-112 bde-div\">\n  \n\t\n\n\n\n<div class=\"bde-text-192-114 bde-text\">\nOur food contains everything necessary to preserve your pet\u2019s health. Our foods are a source of protein, essential fatty acids, minerals, fiber and vitamins, and are free from artificial colors or additives. The recipe was developed in cooperation with experts in veterinary medicine and food technology.\n<\/div>\n<\/div><\/div>\n<\/section><section class=\"bde-section-192-122 bde-section\">\n  \n\t\n\n\n\n<div class=\"section-container\"><div class=\"bde-columns-192-126 bde-columns\"><div class=\"bde-column-192-127 bde-column\">\n  \n\t\n\n\n\n<a class=\"bde-container-link-192-337 bde-container-link breakdance-link\" href=\"https:\/\/volivoli.hr\/en\/hrana-za-pse\/\" target=\"_self\" data-type=\"url\">\n  \n\t\n\n\n\n<div class=\"bde-image-192-130 bde-image\">\n<figure class=\"breakdance-image breakdance-image--82\">\n\t<div class=\"breakdance-image-container\">\n\t\t<div class=\"breakdance-image-clip\"><img decoding=\"async\" class=\"breakdance-image-object lazyload\" data-src=\"http:\/\/volivoli.hr\/wp-content\/uploads\/2023\/09\/Dogs-Illustration1.png\" width=\"1735\" height=\"730\" data-srcset=\"https:\/\/volivoli.hr\/wp-content\/uploads\/2023\/09\/Dogs-Illustration1.png 1735w, https:\/\/volivoli.hr\/wp-content\/uploads\/2023\/09\/Dogs-Illustration1-300x126.png 300w, https:\/\/volivoli.hr\/wp-content\/uploads\/2023\/09\/Dogs-Illustration1-1024x431.png 1024w, https:\/\/volivoli.hr\/wp-content\/uploads\/2023\/09\/Dogs-Illustration1-768x323.png 768w, https:\/\/volivoli.hr\/wp-content\/uploads\/2023\/09\/Dogs-Illustration1-1536x646.png 1536w, https:\/\/volivoli.hr\/wp-content\/uploads\/2023\/09\/Dogs-Illustration1-600x252.png 600w\" data-sizes=\"(max-width: 1735px) 100vw, 1735px\" src=\"data:image\/svg+xml;base64,PHN2ZyB3aWR0aD0iMSIgaGVpZ2h0PSIxIiB4bWxucz0iaHR0cDovL3d3dy53My5vcmcvMjAwMC9zdmciPjwvc3ZnPg==\" style=\"--smush-placeholder-width: 1735px; --smush-placeholder-aspect-ratio: 1735\/730;\"><\/div>\n\t<\/div><\/figure>\n\n<\/div><div class=\"bde-div-192-133 bde-div\">\n  \n\t\n\n\n\n<h3 class=\"bde-heading-192-131 bde-heading\">\nDog food\n<\/h3><div class=\"bde-icon-192-335 bde-icon\">\n\n    \n            <div class=\"bde-icon-icon breakdance-icon-atom\" >\n    \n                    <svg xmlns=\"http:\/\/www.w3.org\/2000\/svg\" width=\"97\" height=\"96\" viewbox=\"0 0 97 96\" fill=\"none\">\r\n<g clip-path=\"url(#clip0_16_1879)\">\r\n<path d=\"M39.1033 31.1421C45.4766 37.5082 51.8499 43.8742 58.2232 50.2403L58.2232 45.76C51.8499 52.1261 45.4766 58.4922 39.1033 64.8583C36.2144 67.7439 40.6998 72.2115 43.5887 69.3386C49.9493 62.9598 56.3227 56.6064 62.696 50.2403C63.8997 49.038 63.9124 46.975 62.696 45.76C56.3227 39.3939 49.9493 33.0279 43.576 26.6618C40.6871 23.7762 36.2144 28.2565 39.0906 31.1421L39.1033 31.1421Z\" fill=\"#231F20\"\/>\r\n<\/g>\r\n<defs>\r\n<clippath id=\"clip0_16_1879\">\r\n<rect width=\"25.4426\" height=\"44.5246\" fill=\"white\" transform=\"translate(63.6074 70.2625) rotate(-180)\"\/>\r\n<\/clippath>\r\n<\/defs>\r\n<\/svg>\n        \n        \n        \n            <\/div>\n    \n\n\n<\/div>\n<\/div>\n\n<\/a>\n<\/div><div class=\"bde-column-192-149 bde-column\">\n  \n\t\n\n\n\n<a class=\"bde-container-link-192-338 bde-container-link breakdance-link\" href=\"https:\/\/volivoli.hr\/en\/hrana-za-macke-love-for-all\/\" target=\"_self\" data-type=\"url\">\n  \n\t\n\n\n\n<div class=\"bde-image-192-150 bde-image\">\n<figure class=\"breakdance-image breakdance-image--83\">\n\t<div class=\"breakdance-image-container\">\n\t\t<div class=\"breakdance-image-clip\"><img decoding=\"async\" class=\"breakdance-image-object lazyload\" data-src=\"http:\/\/volivoli.hr\/wp-content\/uploads\/2023\/09\/Dogs-Illustration2.png\" width=\"2095\" height=\"877\" data-srcset=\"https:\/\/volivoli.hr\/wp-content\/uploads\/2023\/09\/Dogs-Illustration2.png 2095w, https:\/\/volivoli.hr\/wp-content\/uploads\/2023\/09\/Dogs-Illustration2-300x126.png 300w, https:\/\/volivoli.hr\/wp-content\/uploads\/2023\/09\/Dogs-Illustration2-1024x429.png 1024w, https:\/\/volivoli.hr\/wp-content\/uploads\/2023\/09\/Dogs-Illustration2-768x321.png 768w, https:\/\/volivoli.hr\/wp-content\/uploads\/2023\/09\/Dogs-Illustration2-1536x643.png 1536w, https:\/\/volivoli.hr\/wp-content\/uploads\/2023\/09\/Dogs-Illustration2-2048x857.png 2048w, https:\/\/volivoli.hr\/wp-content\/uploads\/2023\/09\/Dogs-Illustration2-600x251.png 600w\" data-sizes=\"(max-width: 2095px) 100vw, 2095px\" src=\"data:image\/svg+xml;base64,PHN2ZyB3aWR0aD0iMSIgaGVpZ2h0PSIxIiB4bWxucz0iaHR0cDovL3d3dy53My5vcmcvMjAwMC9zdmciPjwvc3ZnPg==\" style=\"--smush-placeholder-width: 2095px; --smush-placeholder-aspect-ratio: 2095\/877;\"><\/div>\n\t<\/div><\/figure>\n\n<\/div><div class=\"bde-div-192-151 bde-div\">\n  \n\t\n\n\n\n<h3 class=\"bde-heading-192-152 bde-heading\">\nCat food\n<\/h3><div class=\"bde-icon-192-336 bde-icon\">\n\n    \n            <div class=\"bde-icon-icon breakdance-icon-atom\" >\n    \n                    <svg xmlns=\"http:\/\/www.w3.org\/2000\/svg\" width=\"97\" height=\"96\" viewbox=\"0 0 97 96\" fill=\"none\">\r\n<g clip-path=\"url(#clip0_16_1879)\">\r\n<path d=\"M39.1033 31.1421C45.4766 37.5082 51.8499 43.8742 58.2232 50.2403L58.2232 45.76C51.8499 52.1261 45.4766 58.4922 39.1033 64.8583C36.2144 67.7439 40.6998 72.2115 43.5887 69.3386C49.9493 62.9598 56.3227 56.6064 62.696 50.2403C63.8997 49.038 63.9124 46.975 62.696 45.76C56.3227 39.3939 49.9493 33.0279 43.576 26.6618C40.6871 23.7762 36.2144 28.2565 39.0906 31.1421L39.1033 31.1421Z\" fill=\"#231F20\"\/>\r\n<\/g>\r\n<defs>\r\n<clippath id=\"clip0_16_1879\">\r\n<rect width=\"25.4426\" height=\"44.5246\" fill=\"white\" transform=\"translate(63.6074 70.2625) rotate(-180)\"\/>\r\n<\/clippath>\r\n<\/defs>\r\n<\/svg>\n        \n        \n        \n            <\/div>\n    \n\n\n<\/div>\n<\/div>\n\n<\/a>\n<\/div><\/div><\/div>\n<\/section><section class=\"bde-section-192-100 bde-section\">\n  \n\t\n\n\n\n<div class=\"section-container\"><div class=\"bde-columns-192-103 bde-columns\"><div class=\"bde-column-192-104 bde-column\">\n  \n\t\n\n\n\n<h1 class=\"bde-heading-192-106 bde-heading\">\nAll our ingredients come from local fields and farms\n<\/h1><div class=\"bde-text-192-107 bde-text\">\nThe unique recipe was designed by experts from the Faculty of Veterinary Medicine in Zagreb and the Faculty of Food in Osijek.\n\nThe ingredients of our products were carefully selected. The raw materials used, such as meat proteins, apples and pumpkin seeds, come from local fields and farms. Our foods are a source of protein, essential fatty acids, minerals, fiber and vitamins. Healthy, well-fed pets are full of energy, their fur is shinier and thicker, their stools are neater, and their teeth are whiter and healthier.\n<\/div>\n<\/div><div class=\"bde-column-192-105 bde-column\">\n  \n\t\n\n\n\n<div class=\"bde-image-192-109 bde-image\">\n<figure class=\"breakdance-image breakdance-image--194\">\n\t<div class=\"breakdance-image-container\">\n\t\t<div class=\"breakdance-image-clip\"><img decoding=\"async\" class=\"breakdance-image-object lazyload\" data-src=\"http:\/\/volivoli.hr\/wp-content\/uploads\/2023\/09\/farm.png\" width=\"717\" height=\"594\" data-srcset=\"https:\/\/volivoli.hr\/wp-content\/uploads\/2023\/09\/farm.png 717w, https:\/\/volivoli.hr\/wp-content\/uploads\/2023\/09\/farm-300x249.png 300w, https:\/\/volivoli.hr\/wp-content\/uploads\/2023\/09\/farm-600x497.png 600w\" data-sizes=\"(max-width: 717px) 100vw, 717px\" src=\"data:image\/svg+xml;base64,PHN2ZyB3aWR0aD0iMSIgaGVpZ2h0PSIxIiB4bWxucz0iaHR0cDovL3d3dy53My5vcmcvMjAwMC9zdmciPjwvc3ZnPg==\" style=\"--smush-placeholder-width: 717px; --smush-placeholder-aspect-ratio: 717\/594;\"><\/div>\n\t<\/div><\/figure>\n\n<\/div>\n<\/div><\/div><\/div>\n<\/section>","protected":false},"excerpt":{"rendered":"<p>Na\u0161a hrana sadr\u017ei sve \u0161to je potrebno za o\u010duvanje zdravlja ljubimaca. Na\u0161e namirnice izvor su proteina, esencijalnih masnih kiselina, minerala, vlakana i vitamina. Hrana ne sadr\u017ei umjetna bojila ni aditive, a receptura je razvijena u suradnji sa stru\u010dnjacima s podru\u010dja veterine i prehrambene tehnologije. Hrana za pse Hrana za ma\u010dke Sastojci s doma\u0107ih polja i [&hellip;]<\/p>","protected":false},"author":2,"featured_media":0,"parent":0,"menu_order":0,"comment_status":"closed","ping_status":"closed","template":"","meta":{"_acf_changed":false,"_breakdance_hide_in_design_set":false,"_breakdance_tags":"","footnotes":""},"class_list":["post-192","page","type-page","status-publish","hentry"],"acf":[],"_links":{"self":[{"href":"https:\/\/volivoli.hr\/en\/wp-json\/wp\/v2\/pages\/192","targetHints":{"allow":["GET"]}}],"collection":[{"href":"https:\/\/volivoli.hr\/en\/wp-json\/wp\/v2\/pages"}],"about":[{"href":"https:\/\/volivoli.hr\/en\/wp-json\/wp\/v2\/types\/page"}],"author":[{"embeddable":true,"href":"https:\/\/volivoli.hr\/en\/wp-json\/wp\/v2\/users\/2"}],"replies":[{"embeddable":true,"href":"https:\/\/volivoli.hr\/en\/wp-json\/wp\/v2\/comments?post=192"}],"version-history":[{"count":10,"href":"https:\/\/volivoli.hr\/en\/wp-json\/wp\/v2\/pages\/192\/revisions"}],"predecessor-version":[{"id":1373,"href":"https:\/\/volivoli.hr\/en\/wp-json\/wp\/v2\/pages\/192\/revisions\/1373"}],"wp:attachment":[{"href":"https:\/\/volivoli.hr\/en\/wp-json\/wp\/v2\/media?parent=192"}],"curies":[{"name":"wp","href":"https:\/\/api.w.org\/{rel}","templated":true}]}}