{"id":139,"date":"2023-09-08T19:18:04","date_gmt":"2023-09-08T19:18:04","guid":{"rendered":"https:\/\/volivoli.hr\/?page_id=139"},"modified":"2024-05-20T09:59:00","modified_gmt":"2024-05-20T09:59:00","slug":"about","status":"publish","type":"page","link":"https:\/\/volivoli.hr\/en\/about\/","title":{"rendered":"About us"},"content":{"rendered":"<section class=\"bde-section-139-100 bde-section\">\n  \n\t\n\n\n\n<div class=\"section-container\"><div class=\"bde-div-139-342 bde-div\">\n  \n\t\n\n\n\n<div class=\"bde-columns-139-103 bde-columns\"><div class=\"bde-column-139-104 bde-column\">\n  \n\t\n\n\n\n<h1 class=\"bde-heading-139-106 bde-heading\">\nGive Love Back\n<\/h1><div class=\"bde-text-139-107 bde-text\">\nWhen pets enter a family, whether they are bought, found, or adopted, the whole family changes. A new pet comes with love, and brings love into the family. Love is the biggest driver of change. As our pets love us, we want to return their love wholeheartedly.\n<\/div><div class=\"bde-button-139-108 bde-button\">\n    \n                                    \n    \n    \n    \n    \n            \n                    \n            \n            \n\n    \n    \n    \n    \n    \n    <a class=\"breakdance-link button-atom button-atom--secondary bde-button__button\" href=\"https:\/\/volivoli.hr\/en\/kontakt\/\" target=\"_self\" data-type=\"url\"  >\n\n    \n        <span class=\"button-atom__text\">Contact<\/span>\n\n        \n        \n                <\/a>\n\n    \n\n\n<\/div>\n<\/div><div class=\"bde-column-139-105 bde-column\">\n  \n\t\n\n\n\n<div class=\"bde-image-139-343 bde-image\">\n<figure class=\"breakdance-image breakdance-image--167\">\n\t<div class=\"breakdance-image-container\">\n\t\t<div class=\"breakdance-image-clip\"><img decoding=\"async\" class=\"breakdance-image-object lazyload\" data-src=\"http:\/\/volivoli.hr\/wp-content\/uploads\/2023\/09\/voli-voli-1.png\" width=\"1034\" height=\"971\" data-srcset=\"https:\/\/volivoli.hr\/wp-content\/uploads\/2023\/09\/voli-voli-1.png 1034w, https:\/\/volivoli.hr\/wp-content\/uploads\/2023\/09\/voli-voli-1-300x282.png 300w, https:\/\/volivoli.hr\/wp-content\/uploads\/2023\/09\/voli-voli-1-1024x962.png 1024w, https:\/\/volivoli.hr\/wp-content\/uploads\/2023\/09\/voli-voli-1-768x721.png 768w, https:\/\/volivoli.hr\/wp-content\/uploads\/2023\/09\/voli-voli-1-600x563.png 600w\" data-sizes=\"(max-width: 1034px) 100vw, 1034px\" src=\"data:image\/svg+xml;base64,PHN2ZyB3aWR0aD0iMSIgaGVpZ2h0PSIxIiB4bWxucz0iaHR0cDovL3d3dy53My5vcmcvMjAwMC9zdmciPjwvc3ZnPg==\" style=\"--smush-placeholder-width: 1034px; --smush-placeholder-aspect-ratio: 1034\/971;\"><\/div>\n\t<\/div><\/figure>\n\n<\/div>\n<\/div><\/div>\n<\/div><\/div>\n<\/section><section class=\"bde-section-139-321 bde-section\">\n  \n\t\n\n\n\n<div class=\"section-container\"><div class=\"bde-columns-139-344 bde-columns\"><div class=\"bde-column-139-327 bde-column\">\n  \n\t\n\n\n\n<div class=\"bde-image-139-328 bde-image\">\n<figure class=\"breakdance-image breakdance-image--168\">\n\t<div class=\"breakdance-image-container\">\n\t\t<div class=\"breakdance-image-clip\"><img decoding=\"async\" class=\"breakdance-image-object lazyload\" data-src=\"http:\/\/volivoli.hr\/wp-content\/uploads\/2023\/09\/proizvodi.png\" width=\"800\" height=\"982\" data-srcset=\"https:\/\/volivoli.hr\/wp-content\/uploads\/2023\/09\/proizvodi.png 800w, https:\/\/volivoli.hr\/wp-content\/uploads\/2023\/09\/proizvodi-244x300.png 244w, https:\/\/volivoli.hr\/wp-content\/uploads\/2023\/09\/proizvodi-768x943.png 768w, https:\/\/volivoli.hr\/wp-content\/uploads\/2023\/09\/proizvodi-600x737.png 600w\" data-sizes=\"(max-width: 800px) 100vw, 800px\" src=\"data:image\/svg+xml;base64,PHN2ZyB3aWR0aD0iMSIgaGVpZ2h0PSIxIiB4bWxucz0iaHR0cDovL3d3dy53My5vcmcvMjAwMC9zdmciPjwvc3ZnPg==\" style=\"--smush-placeholder-width: 800px; --smush-placeholder-aspect-ratio: 800\/982;\"><\/div>\n\t<\/div><\/figure>\n\n<\/div>\n<\/div><div class=\"bde-column-139-323 bde-column\">\n  \n\t\n\n\n\n<h1 class=\"bde-heading-139-324 bde-heading\">\nLove goes through the stomach\n<\/h1><div class=\"bde-text-139-325 bde-text\">\nWe love our pets, showering them with attention, care and daily walks, and perhaps most importantly, with high-quality food. We believe that through a balanced diet, a controlled recipe designed by experts, healthy and homemade food, we can provide our pets with all the necessary nutrients.\n<\/div><div class=\"bde-button-139-326 bde-button\">\n    \n                                    \n    \n    \n    \n    \n            \n                    \n            \n            \n\n    \n    \n    \n    \n    \n    <a class=\"breakdance-link button-atom button-atom--secondary bde-button__button\" href=\"https:\/\/volivoli.hr\/en\/webshop\/\" target=\"_self\" data-type=\"url\"  >\n\n    \n        <span class=\"button-atom__text\">Learn more<\/span>\n\n        \n        \n                <\/a>\n\n    \n\n\n<\/div>\n<\/div><\/div><\/div>\n<\/section><section class=\"bde-section-139-111 bde-section\">\n  \n\t\n\n\n\n<div class=\"section-container\"><div class=\"bde-div-139-112 bde-div\">\n  \n\t\n\n\n\n<h2 class=\"bde-heading-139-113 bde-heading\">\nVoli Voli\n<\/h2><div class=\"bde-columns-139-329 bde-columns\"><div class=\"bde-column-139-330 bde-column\">\n  \n\t\n\n\n\n<div class=\"bde-text-139-332 bde-text\">\nPets love us. Just look at how they anticipate our return, as if we are their greatest gift, and how sad they are when we leave them. We want to give them the love and care they deserve.<br><br>Out of the desire that the food we feed our little friends be tasty and healthy, we started the first Croatian extruded pet food factory in Virovitica business zone in 2012. The raw materials we use to produce our food come from local fields and farms, and the recipe is completely natural and developed in cooperation with the scientific community.\n<\/div>\n<\/div><div class=\"bde-column-139-331 bde-column\">\n  \n\t\n\n\n\n<div class=\"bde-text-139-333 bde-text\">\nOur food contains everything necessary to preserve your pet\u2019s health.Our foods are a source of protein, essential fatty acids, minerals, fiber and vitamins. Healthy, well-fed pets are full of energy, their fur is shinier and thicker, their stools are neater, and their teeth are whiter and healthier.\n<\/div>\n<\/div><\/div><div class=\"bde-image-139-341 bde-image\">\n<figure class=\"breakdance-image breakdance-image--171\">\n\t<div class=\"breakdance-image-container\">\n\t\t<div class=\"breakdance-image-clip\"><img decoding=\"async\" class=\"breakdance-image-object lazyload\" data-src=\"http:\/\/volivoli.hr\/wp-content\/uploads\/2023\/09\/Illustration.png\" width=\"1045\" height=\"709\" data-srcset=\"https:\/\/volivoli.hr\/wp-content\/uploads\/2023\/09\/Illustration.png 1045w, https:\/\/volivoli.hr\/wp-content\/uploads\/2023\/09\/Illustration-300x204.png 300w, https:\/\/volivoli.hr\/wp-content\/uploads\/2023\/09\/Illustration-1024x695.png 1024w, https:\/\/volivoli.hr\/wp-content\/uploads\/2023\/09\/Illustration-768x521.png 768w, https:\/\/volivoli.hr\/wp-content\/uploads\/2023\/09\/Illustration-600x407.png 600w\" data-sizes=\"(max-width: 1045px) 100vw, 1045px\" src=\"data:image\/svg+xml;base64,PHN2ZyB3aWR0aD0iMSIgaGVpZ2h0PSIxIiB4bWxucz0iaHR0cDovL3d3dy53My5vcmcvMjAwMC9zdmciPjwvc3ZnPg==\" style=\"--smush-placeholder-width: 1045px; --smush-placeholder-aspect-ratio: 1045\/709;\"><\/div>\n\t<\/div><\/figure>\n\n<\/div>\n<\/div><\/div>\n<\/section>","protected":false},"excerpt":{"rendered":"<p>Give Love Back Kad u na\u0161e obitelji do\u0111u bilo kupnjom, nalaskom ili posvojenjem mali ljubimci, cijela obitelj prolazi svojevrsnu promjenu. Ta promjena je izazvana malim \u010detverono\u017enim ljubimcem koji s razlogom ima u sebi rije\u010d ljubiti jer zaista ih volimo kao da su dio na\u0161e obitelji. Ljubav je najve\u0107i pokreta\u010d promjene. Kako oni nas vole, mi [&hellip;]<\/p>","protected":false},"author":2,"featured_media":0,"parent":0,"menu_order":0,"comment_status":"closed","ping_status":"closed","template":"","meta":{"_acf_changed":false,"_breakdance_hide_in_design_set":false,"_breakdance_tags":"","footnotes":""},"class_list":["post-139","page","type-page","status-publish","hentry"],"acf":[],"_links":{"self":[{"href":"https:\/\/volivoli.hr\/en\/wp-json\/wp\/v2\/pages\/139","targetHints":{"allow":["GET"]}}],"collection":[{"href":"https:\/\/volivoli.hr\/en\/wp-json\/wp\/v2\/pages"}],"about":[{"href":"https:\/\/volivoli.hr\/en\/wp-json\/wp\/v2\/types\/page"}],"author":[{"embeddable":true,"href":"https:\/\/volivoli.hr\/en\/wp-json\/wp\/v2\/users\/2"}],"replies":[{"embeddable":true,"href":"https:\/\/volivoli.hr\/en\/wp-json\/wp\/v2\/comments?post=139"}],"version-history":[{"count":58,"href":"https:\/\/volivoli.hr\/en\/wp-json\/wp\/v2\/pages\/139\/revisions"}],"predecessor-version":[{"id":1421,"href":"https:\/\/volivoli.hr\/en\/wp-json\/wp\/v2\/pages\/139\/revisions\/1421"}],"wp:attachment":[{"href":"https:\/\/volivoli.hr\/en\/wp-json\/wp\/v2\/media?parent=139"}],"curies":[{"name":"wp","href":"https:\/\/api.w.org\/{rel}","templated":true}]}}